{"id":822,"date":"2023-05-15T19:21:13","date_gmt":"2023-05-15T17:21:13","guid":{"rendered":"https:\/\/startfinance-now.com\/services\/die-start-uptoolbox\/"},"modified":"2024-03-24T15:21:24","modified_gmt":"2024-03-24T14:21:24","slug":"die-start-uptoolbox","status":"publish","type":"page","link":"https:\/\/startfinance-now.com\/de\/services\/die-start-uptoolbox\/","title":{"rendered":"Die Start-UpToolbox"},"content":{"rendered":"\n<div class=\"wp-block-cover alignfull\" style=\"padding-top:0;padding-right:0;padding-bottom:0;padding-left:0\"><span aria-hidden=\"true\" class=\"wp-block-cover__background has-background-dim-0 has-background-dim\"><\/span><img loading=\"lazy\" decoding=\"async\" width=\"1890\" height=\"700\" class=\"wp-block-cover__image-background wp-image-702\" alt=\"Start Finance Now\" src=\"https:\/\/startfinance-now.com\/wp-content\/uploads\/2023\/05\/start-finance-now-finance-toolbox.webp\" data-object-fit=\"cover\" srcset=\"https:\/\/startfinance-now.com\/wp-content\/uploads\/2023\/05\/start-finance-now-finance-toolbox.webp 1890w, https:\/\/startfinance-now.com\/wp-content\/uploads\/2023\/05\/start-finance-now-finance-toolbox-600x222.webp 600w, https:\/\/startfinance-now.com\/wp-content\/uploads\/2023\/05\/start-finance-now-finance-toolbox-1300x481.webp 1300w, https:\/\/startfinance-now.com\/wp-content\/uploads\/2023\/05\/start-finance-now-finance-toolbox-768x284.webp 768w, https:\/\/startfinance-now.com\/wp-content\/uploads\/2023\/05\/start-finance-now-finance-toolbox-1536x569.webp 1536w\" sizes=\"auto, (max-width: 1890px) 100vw, 1890px\" \/><div class=\"wp-block-cover__inner-container is-layout-flow wp-block-cover-is-layout-flow\">\n<div class=\"wp-block-columns is-layout-flex wp-container-core-columns-is-layout-8eb77903 wp-block-columns-is-layout-flex\" style=\"margin-top:0;margin-bottom:0\">\n<div class=\"wp-block-column is-layout-flow wp-block-column-is-layout-flow\"><\/div>\n\n\n\n<div class=\"wp-block-column has-background is-layout-flow wp-block-column-is-layout-flow\" style=\"background:linear-gradient(135deg,rgba(255,255,255,0.67) 0%,rgba(255,255,255,0.67) 100%)\">\n<div style=\"height:240px\" aria-hidden=\"true\" class=\"wp-block-spacer custom-spacing\"><\/div>\n\n\n\n<h1 class=\"wp-block-heading has-text-align-center has-primary-color has-text-color\">The Start-Up<br>Toolbox<\/h1>\n\n\n\n<div style=\"height:240px\" aria-hidden=\"true\" class=\"wp-block-spacer custom-spacing\"><\/div>\n<\/div>\n<\/div>\n<\/div><\/div>\n\n\n\n<div style=\"height:4rem\" aria-hidden=\"true\" class=\"wp-block-spacer standard-spacing\"><\/div>\n\n\n\n<h2 class=\"wp-block-heading has-text-align-center has-primary-color has-text-color\">Toolbox f\u00fcr Start-Ups<\/h2>\n\n\n\n<div style=\"height:2rem\" aria-hidden=\"true\" class=\"wp-block-spacer standard-spacing\"><\/div>\n\n\n\n<figure class=\"wp-block-embed is-type-video is-provider-youtube wp-block-embed-youtube wp-embed-aspect-16-9 wp-has-aspect-ratio\"><div class=\"wp-block-embed__wrapper\">\n<iframe loading=\"lazy\" title=\"StartFinance Olivia Toolbox\" width=\"1200\" height=\"675\" src=\"https:\/\/www.youtube.com\/embed\/liYCN_OLg38?feature=oembed\" frameborder=\"0\" allow=\"accelerometer; autoplay; clipboard-write; encrypted-media; gyroscope; picture-in-picture; web-share\" allowfullscreen><\/iframe>\n<\/div><\/figure>\n\n\n\n<div style=\"height:2rem\" aria-hidden=\"true\" class=\"wp-block-spacer standard-spacing\"><\/div>\n\n\n\n<p>Diese Toolbox vereint ALLES, was Du f\u00fcr Deine Finanzprozesse am Anfang ben\u00f6tigst. Sie beantwortet DIE Fragen, welche sich Gr\u00fcnder und ihre Finance Allrounder immer stellen:  <\/p>\n\n\n\n<div style=\"height:2rem\" aria-hidden=\"true\" class=\"wp-block-spacer standard-spacing\"><\/div>\n\n\n\n<h2 class=\"wp-block-heading has-primary-color has-text-color\">Wie kann ich meine Finanzprozesse ohne bzw. mit einem kleinen Budget automatisieren?<\/h2>\n\n\n\n<p>Ich biete ein All-in-One-Paket f\u00fcr ALLE Prozessschritte, um strukturierte Finanzprozesse und Buchhaltungsstrukturen von Grunde auf einzuf\u00fchren. Die Toolbox enth\u00e4lt Vorlagen und Templates f\u00fcr die Buchhaltung und Rechnungslegung deines Unternehmens, einen Businessplan f\u00fcr das Fundraising, einen Leitfaden f\u00fcr eine einfaches Reporting und Budgetierung und vieles, vieles mehr.<\/p>\n\n\n\n<p>Mit der Umsetzung meiner Vorlagen und Guidelines kannst du dich endlich entspannen und die Finanzen werden dich nicht mehr nachts wach halten. Dein n\u00e4chster Fundraising Prozess inklusive der Due Diligence werden viel unkomplizierter und dein n\u00e4chster Jahresabschluss wird ohne Komplikationen ablaufen. Die Start Finance Toolbox wird dir mindestens 3 Monate Zeit sparen dich in deinen Finanzen sattelfest zu machen.<\/p>\n\n\n\n<div style=\"height:2rem\" aria-hidden=\"true\" class=\"wp-block-spacer standard-spacing\"><\/div>\n\n\n\n<h2 class=\"wp-block-heading has-primary-color has-text-color\">Deine Vorteile f\u00fcr die Start-Up Toolbox<\/h2>\n\n\n\n<div class=\"wp-block-group has-border-color has-primary-border-color is-layout-constrained wp-container-core-group-is-layout-7fed8db1 wp-block-group-is-layout-constrained\" style=\"border-width:1px;margin-top:var(--wp--preset--spacing--40);margin-bottom:var(--wp--preset--spacing--40);padding-top:2rem;padding-right:2rem;padding-bottom:2rem;padding-left:2rem\">\n<ul class=\"is-style-empty-list wp-block-list\">\n<li>Automatisiere alle Prozessschritte<\/li>\n\n\n\n<li>Passe die Templates f\u00fcr Dich an<\/li>\n\n\n\n<li>100% Deckung aller Finanzthemen f\u00fcr Seed Start-ups<\/li>\n\n\n\n<li>International &amp; auf Englisch<\/li>\n\n\n\n<li>Alle Excel-Vorlagen sind sofort einsatzbereit <\/li>\n\n\n\n<li>Professionelle Kalkulationen von Tag 1 <\/li>\n\n\n\n<li>Alle Excel Vorlagen sind einfach zu verwenden<\/li>\n\n\n\n<li>Alle Grundlagen der Finanzbuchhaltung f\u00fcr Start-ups<\/li>\n\n\n\n<li>Verstehe die Zahlen, die dein Gesch\u00e4ft vorantreiben<\/li>\n\n\n\n<li>Experten-Tipps, um deine Buchhaltung einfach und schnell einzurichten<\/li>\n\n\n\n<li>Spare wertvolle Zeit f\u00fcr die strategischen Fragestellungen<\/li>\n<\/ul>\n<\/div>\n\n\n\n<div style=\"height:2rem\" aria-hidden=\"true\" class=\"wp-block-spacer standard-spacing\"><\/div>\n\n\n\n<p>Meine Toolbox ist f\u00fcr Gr\u00fcnder UND ihre Finanz-Allrounder. Um dir Zeit und Nerven zu sparen, sammle und pr\u00e4sentiere ich alle wichtigen Finanzthemen f\u00fcr Start-ups an einem Ort, knackig und pr\u00e4zise.<\/p>\n\n\n\n<p>Zu jedem Thema bekommst du ein kurzes Erkl\u00e4rvideo, eine Zusammenfassung der wichtigsten Finanzfragen und praktische Vorlagen, die dir viel Zeit und Arbeit ersparen.<\/p>\n\n\n\n<p>In meinen Videos gebe ich dir Beispiele, wie du knackige Prozesse einrichten kannst, die dir viel Zeit und Geld sparen. Du musst nicht bei Null anfangen und das Rad neu erfinden, und du vermeidest Fehler in deinem Finanzmanagement, die dich viel Nerven und auch Geld kosten k\u00f6nnen. Ich spreche auch dar\u00fcber, wo Tools sinnvoll sind und wo du zu Beginn locker darauf verzichten kannst.<\/p>\n\n\n\n<figure class=\"wp-block-image size-large\"><a href=\"http:\/\/www.startfinance-toolbox.com\/\" target=\"_blank\" rel=\"noreferrer noopener\"><img loading=\"lazy\" decoding=\"async\" width=\"1300\" height=\"857\" src=\"https:\/\/startfinance-now.com\/wp-content\/uploads\/2023\/05\/start-finance-now-13-1300x857.webp\" alt=\"Start Finance Now\" class=\"wp-image-322\" srcset=\"https:\/\/startfinance-now.com\/wp-content\/uploads\/2023\/05\/start-finance-now-13-1300x857.webp 1300w, https:\/\/startfinance-now.com\/wp-content\/uploads\/2023\/05\/start-finance-now-13-600x395.webp 600w, https:\/\/startfinance-now.com\/wp-content\/uploads\/2023\/05\/start-finance-now-13-768x506.webp 768w, https:\/\/startfinance-now.com\/wp-content\/uploads\/2023\/05\/start-finance-now-13-1536x1012.webp 1536w, https:\/\/startfinance-now.com\/wp-content\/uploads\/2023\/05\/start-finance-now-13-2048x1350.webp 2048w, https:\/\/startfinance-now.com\/wp-content\/uploads\/2023\/05\/start-finance-now-13-scaled.webp 2000w\" sizes=\"auto, (max-width: 1300px) 100vw, 1300px\" \/><\/a><\/figure>\n\n\n\n<p>Aber Achtung Gr\u00fcnderinnen und Gr\u00fcnder: Dieser Werkzeugkasten ersetzt nicht einen Finanzler. Allerdings erspart er dir und deinem Team mehrere Monate Arbeit, um den Prozess neu zu durchdenken und die Grundlagen zu schaffen &#8211; du kannst sofort mit den harten N\u00fcssen anfangen. Mit meiner Toolbox musst du dich nicht um die Grundlagen k\u00fcmmern. Vergiss das Sammeln und Scannen von Belegen, denn ich zeige dir, wie du deine Buchhaltungsprozesse einfach und kosteng\u00fcnstig automatisieren kannst.<\/p>\n\n\n\n<p>Da die meisten Start-ups international arbeiten, ist diese Toolbox komplett auf Englisch. Nichts davon ist &#8220;Rocket Science&#8221;, alle Vorlagen sind super einfach zu benutzen.<\/p>\n\n\n\n<p class=\"has-text-align-center has-primary-color has-text-color\">Das ist der Werkzeugkasten, den ich gerne gehabt h\u00e4tte, als ich vor ein paar Jahren mit meinem ersten Start-up angefangen habe.<\/p>\n\n\n\n<p> <\/p>\n\n\n\n<p class=\"has-text-align-center has-primary-color has-text-color has-medium-2-font-size\">Sichere dir jetzt alle Vorlagen oder probiere die kostenlose trial version*<\/p>\n\n\n\n<div class=\"wp-block-buttons is-content-justification-center is-layout-flex wp-container-core-buttons-is-layout-a89b3969 wp-block-buttons-is-layout-flex\">\n<div class=\"wp-block-button is-style-outline is-style-outline--1\"><a class=\"wp-block-button__link has-primary-color has-text-color wp-element-button\" href=\"https:\/\/startfinance-toolbox.com\/\" target=\"_blank\" rel=\"noreferrer noopener\">Preview zur toolbox<\/a><\/div>\n<\/div>\n\n\n\n<div style=\"height:2rem\" aria-hidden=\"true\" class=\"wp-block-spacer standard-spacing\"><\/div>\n\n\n\n<p class=\"has-small-font-size\">Disclaimer: Der Inhalt dieser Toolbox (Videos und Templates) ist komplett auf Englisch und der Fokus ist Content, Content, Content. F\u00fcr alle die eine High-End Videoproduktion erwarten, ist diese Toolbox nichts.<\/p>\n\n\n\n<p class=\"has-small-font-size\">*Alle Start-Ups, die sich gegen den Klimawandel einsetzen und\/oder nachweislich an Produkten arbeiten, die helfen den CO2-Anteil in der Atmosph\u00e4re zu reduzieren, bekommen 20% Rabatt. Bitte einfach vor dem Buchen, E-Mail an: jana@startfinance-now.com <\/p>\n\n\n\n<div style=\"height:2rem\" aria-hidden=\"true\" class=\"wp-block-spacer standard-spacing\"><\/div>\n\n\n\n<div class=\"wp-block-cover alignfull is-light\"><span aria-hidden=\"true\" class=\"wp-block-cover__background has-primary-background-color has-background-dim-100 has-background-dim\"><\/span><div class=\"wp-block-cover__inner-container is-layout-flow wp-block-cover-is-layout-flow\">\n<div class=\"wp-block-group alignfull has-base-color has-text-color has-link-color wp-elements-0c870f3cbd9d2764fd814ada7983d1bd is-layout-constrained wp-container-core-group-is-layout-19e250f3 wp-block-group-is-layout-constrained\">\n<div style=\"height:4rem\" aria-hidden=\"true\" class=\"wp-block-spacer standard-spacing\"><\/div>\n\n\n\n<div class=\"wp-block-columns is-layout-flex wp-container-core-columns-is-layout-28f84493 wp-block-columns-is-layout-flex\">\n<div class=\"wp-block-column is-layout-flow wp-block-column-is-layout-flow\">\n<h2 class=\"wp-block-heading\" id=\"contact\"><strong>Lass uns jetzt gemeinsam durchstarten \ud83d\ude80<\/strong><\/h2>\n\n\n\n<p>Hinterlasse eine Nachricht hier oder schreibe mir eine E-Mail: <a href=\"mailto:jana@startfinance-now.com?subject=jana[at]startfinance-now.com\">jana[at]startfinance-now.com<\/a><\/p>\n<\/div>\n\n\n\n<div class=\"wp-block-column is-layout-flow wp-block-column-is-layout-flow\">\n<div class=\"wp-block-contact-form-7-contact-form-selector\">\n<div class=\"wpcf7 no-js\" id=\"wpcf7-f784-o1\" lang=\"es-ES\" dir=\"ltr\" data-wpcf7-id=\"784\">\n<div class=\"screen-reader-response\"><p role=\"status\" aria-live=\"polite\" aria-atomic=\"true\"><\/p> <ul><\/ul><\/div>\n<form action=\"\/de\/wp-json\/wp\/v2\/pages\/822#wpcf7-f784-o1\" method=\"post\" class=\"wpcf7-form init\" aria-label=\"Contact form\" novalidate=\"novalidate\" data-status=\"init\">\n<fieldset class=\"hidden-fields-container\"><input type=\"hidden\" name=\"_wpcf7\" value=\"784\" \/><input type=\"hidden\" name=\"_wpcf7_version\" value=\"6.1.5\" \/><input type=\"hidden\" name=\"_wpcf7_locale\" value=\"es_ES\" \/><input type=\"hidden\" name=\"_wpcf7_unit_tag\" value=\"wpcf7-f784-o1\" \/><input type=\"hidden\" name=\"_wpcf7_container_post\" value=\"0\" \/><input type=\"hidden\" name=\"_wpcf7_posted_data_hash\" value=\"\" \/>\n<\/fieldset>\n<label>\n<span class=\"visually-hidden\">Name<\/span>\n<span class=\"wpcf7-form-control-wrap\" data-name=\"your-name\"><input size=\"40\" maxlength=\"400\" class=\"wpcf7-form-control wpcf7-text wpcf7-validates-as-required\" aria-required=\"true\" aria-invalid=\"false\" placeholder=\"Name\" value=\"\" type=\"text\" name=\"your-name\" \/><\/span>\n<\/label>\n\n<label>\n<span class=\"visually-hidden\">E-Mailadresse<\/span>\n<span class=\"wpcf7-form-control-wrap\" data-name=\"your-email\"><input size=\"40\" maxlength=\"400\" class=\"wpcf7-form-control wpcf7-email wpcf7-validates-as-required wpcf7-text wpcf7-validates-as-email\" aria-required=\"true\" aria-invalid=\"false\" placeholder=\"E-Mailadresse\" value=\"\" type=\"email\" name=\"your-email\" \/><\/span>\n<\/label>\n\n<label>\n<span class=\"visually-hidden\">Rufnummer<\/span>\n<span class=\"wpcf7-form-control-wrap\" data-name=\"your-phone\"><input size=\"40\" maxlength=\"400\" class=\"wpcf7-form-control wpcf7-text wpcf7-validates-as-required\" aria-required=\"true\" aria-invalid=\"false\" placeholder=\"Rufnummer\" value=\"\" type=\"text\" name=\"your-phone\" \/><\/span>\n<\/label>\n\n<label>\n<span class=\"visually-hidden\">Betreff<\/span>\n<span class=\"wpcf7-form-control-wrap\" data-name=\"subject\"><select class=\"wpcf7-form-control wpcf7-select wpcf7-validates-as-required\" aria-required=\"true\" aria-invalid=\"false\" name=\"subject\"><option value=\"\">Betreff<\/option><option value=\"Startups\">Startups<\/option><option value=\"Small Business\">Small Business<\/option><option value=\"Financial coaching for women\">Financial coaching for women<\/option><option value=\"Other\">Other<\/option><\/select><\/span>\n<\/label>\n\n<label>\n<span class=\"visually-hidden\">Deine Nachricht<\/span>\n<span class=\"wpcf7-form-control-wrap\" data-name=\"your-message\"><textarea cols=\"40\" rows=\"10\" maxlength=\"2000\" class=\"wpcf7-form-control wpcf7-textarea\" aria-invalid=\"false\" placeholder=\"Deine Nachricht\" name=\"your-message\"><\/textarea><\/span>\n<\/label>\n\n<span class=\"wpcf7-form-control-wrap\" data-name=\"acceptance-574\"><span class=\"wpcf7-form-control wpcf7-acceptance\"><span class=\"wpcf7-list-item\"><label><input type=\"checkbox\" name=\"acceptance-574\" value=\"1\" aria-invalid=\"false\" \/><span class=\"wpcf7-list-item-label\">Hiermit akzeptiere ich die <a href=\"https:\/\/startfinance-now.com\/de\/datenschutzerklaerung\/\" target=\"_blank\">Datenschutzerkl\u00e4rung<\/a>.<\/span><\/label><\/span><\/span><\/span>\n\n<span id=\"wpcf7-69e17e68ddbf9-wrapper\" class=\"wpcf7-form-control-wrap website-wrap\" style=\"display:none !important; visibility:hidden !important;\"><input type=\"hidden\" name=\"website-time-start\" value=\"1776385640\"><input type=\"hidden\" name=\"website-time-check\" value=\"4\"><label for=\"wpcf7-69e17e68ddbf9-field\" class=\"hp-message\">Please leave this field empty.<\/label><input id=\"wpcf7-69e17e68ddbf9-field\"  class=\"wpcf7-form-control wpcf7-text\" type=\"text\" name=\"website\" value=\"\" size=\"40\" tabindex=\"-1\" autocomplete=\"new-password\" \/><\/span>\n<span id=\"wpcf7-69e17e68ddc29-wrapper\" class=\"wpcf7-form-control-wrap email-wrap\" style=\"display:none !important; visibility:hidden !important;\"><input type=\"hidden\" name=\"email-time-start\" value=\"1776385640\"><input type=\"hidden\" name=\"email-time-check\" value=\"4\"><label for=\"wpcf7-69e17e68ddc29-field\" class=\"hp-message\">Please leave this field empty.<\/label><input id=\"wpcf7-69e17e68ddc29-field\"  class=\"wpcf7-form-control wpcf7-text\" type=\"text\" name=\"email\" value=\"\" size=\"40\" tabindex=\"-1\" autocomplete=\"new-password\" \/><\/span>\n\n<input class=\"wpcf7-form-control wpcf7-submit has-spinner iconoboton\" type=\"submit\" value=\"Absenden\" \/><div class=\"wpcf7-response-output\" aria-hidden=\"true\"><\/div>\n<\/form>\n<\/div>\n<\/div>\r\n<\/div>\n<\/div>\n\n\n\n<div style=\"height:4rem\" aria-hidden=\"true\" class=\"wp-block-spacer standard-spacing\"><\/div>\n<\/div>\n<\/div><\/div>\n","protected":false},"excerpt":{"rendered":"<p>Toolbox f\u00fcr Start-Ups Diese Toolbox vereint ALLES, was Du f\u00fcr Deine Finanzprozesse am Anfang ben\u00f6tigst. Sie beantwortet DIE Fragen, welche sich Gr\u00fcnder und ihre Finance Allrounder immer stellen: Wie kann ich meine Finanzprozesse ohne bzw. mit einem kleinen Budget automatisieren? Ich biete ein All-in-One-Paket f\u00fcr <a class=\"read-more\" href=\"https:\/\/startfinance-now.com\/de\/services\/die-start-uptoolbox\/\">Continue reading <span class=\"meta-nav\">&rarr;<\/span><\/a><\/p>\n","protected":false},"author":1,"featured_media":0,"parent":819,"menu_order":2,"comment_status":"closed","ping_status":"closed","template":"","meta":{"inline_featured_image":false,"footnotes":""},"class_list":["post-822","page","type-page","status-publish","hentry"],"yoast_head":"<!-- This site is optimized with the Yoast SEO plugin v27.0 - https:\/\/yoast.com\/product\/yoast-seo-wordpress\/ -->\n<title>Die Start-UpToolbox - Start Finance Now<\/title>\n<meta name=\"robots\" content=\"index, follow, max-snippet:-1, max-image-preview:large, max-video-preview:-1\" \/>\n<link rel=\"canonical\" href=\"https:\/\/startfinance-now.com\/de\/services\/die-start-uptoolbox\/\" \/>\n<meta property=\"og:locale\" content=\"de_DE\" \/>\n<meta property=\"og:type\" content=\"article\" \/>\n<meta property=\"og:title\" content=\"Die Start-UpToolbox - Start Finance Now\" \/>\n<meta property=\"og:description\" content=\"Toolbox f\u00fcr Start-Ups Diese Toolbox vereint ALLES, was Du f\u00fcr Deine Finanzprozesse am Anfang ben\u00f6tigst. Sie beantwortet DIE Fragen, welche sich Gr\u00fcnder und ihre Finance Allrounder immer stellen: Wie kann ich meine Finanzprozesse ohne bzw. mit einem kleinen Budget automatisieren? Ich biete ein All-in-One-Paket f\u00fcr Continue reading &rarr;\" \/>\n<meta property=\"og:url\" content=\"https:\/\/startfinance-now.com\/de\/services\/die-start-uptoolbox\/\" \/>\n<meta property=\"og:site_name\" content=\"Start Finance Now\" \/>\n<meta property=\"article:modified_time\" content=\"2024-03-24T14:21:24+00:00\" \/>\n<meta property=\"og:image\" content=\"https:\/\/startfinance-now.com\/wp-content\/uploads\/2023\/05\/start-finance-now-finance-toolbox.webp\" \/>\n<meta name=\"twitter:card\" content=\"summary_large_image\" \/>\n<meta name=\"twitter:label1\" content=\"Est. reading time\" \/>\n\t<meta name=\"twitter:data1\" content=\"3 minutes\" \/>\n<script type=\"application\/ld+json\" class=\"yoast-schema-graph\">{\"@context\":\"https:\/\/schema.org\",\"@graph\":[{\"@type\":\"WebPage\",\"@id\":\"https:\/\/startfinance-now.com\/de\/services\/die-start-uptoolbox\/\",\"url\":\"https:\/\/startfinance-now.com\/de\/services\/die-start-uptoolbox\/\",\"name\":\"Die Start-UpToolbox - Start Finance Now\",\"isPartOf\":{\"@id\":\"https:\/\/startfinance-now.com\/#website\"},\"primaryImageOfPage\":{\"@id\":\"https:\/\/startfinance-now.com\/de\/services\/die-start-uptoolbox\/#primaryimage\"},\"image\":{\"@id\":\"https:\/\/startfinance-now.com\/de\/services\/die-start-uptoolbox\/#primaryimage\"},\"thumbnailUrl\":\"https:\/\/startfinance-now.com\/wp-content\/uploads\/2023\/05\/start-finance-now-finance-toolbox.webp\",\"datePublished\":\"2023-05-15T17:21:13+00:00\",\"dateModified\":\"2024-03-24T14:21:24+00:00\",\"breadcrumb\":{\"@id\":\"https:\/\/startfinance-now.com\/de\/services\/die-start-uptoolbox\/#breadcrumb\"},\"inLanguage\":\"de-DE\",\"potentialAction\":[{\"@type\":\"ReadAction\",\"target\":[\"https:\/\/startfinance-now.com\/de\/services\/die-start-uptoolbox\/\"]}]},{\"@type\":\"ImageObject\",\"inLanguage\":\"de-DE\",\"@id\":\"https:\/\/startfinance-now.com\/de\/services\/die-start-uptoolbox\/#primaryimage\",\"url\":\"https:\/\/startfinance-now.com\/wp-content\/uploads\/2023\/05\/start-finance-now-finance-toolbox.webp\",\"contentUrl\":\"https:\/\/startfinance-now.com\/wp-content\/uploads\/2023\/05\/start-finance-now-finance-toolbox.webp\"},{\"@type\":\"BreadcrumbList\",\"@id\":\"https:\/\/startfinance-now.com\/de\/services\/die-start-uptoolbox\/#breadcrumb\",\"itemListElement\":[{\"@type\":\"ListItem\",\"position\":1,\"name\":\"Home\",\"item\":\"https:\/\/startfinance-now.com\/de\/\"},{\"@type\":\"ListItem\",\"position\":2,\"name\":\"Services\",\"item\":\"https:\/\/startfinance-now.com\/de\/services\/\"},{\"@type\":\"ListItem\",\"position\":3,\"name\":\"Die Start-UpToolbox\"}]},{\"@type\":\"WebSite\",\"@id\":\"https:\/\/startfinance-now.com\/#website\",\"url\":\"https:\/\/startfinance-now.com\/\",\"name\":\"Start Finance Now\",\"description\":\"Financial coaching for start-ups and SMEs\",\"potentialAction\":[{\"@type\":\"SearchAction\",\"target\":{\"@type\":\"EntryPoint\",\"urlTemplate\":\"https:\/\/startfinance-now.com\/?s={search_term_string}\"},\"query-input\":{\"@type\":\"PropertyValueSpecification\",\"valueRequired\":true,\"valueName\":\"search_term_string\"}}],\"inLanguage\":\"de-DE\"}]}<\/script>\n<!-- \/ Yoast SEO plugin. -->","yoast_head_json":{"title":"Die Start-UpToolbox - Start Finance Now","robots":{"index":"index","follow":"follow","max-snippet":"max-snippet:-1","max-image-preview":"max-image-preview:large","max-video-preview":"max-video-preview:-1"},"canonical":"https:\/\/startfinance-now.com\/de\/services\/die-start-uptoolbox\/","og_locale":"de_DE","og_type":"article","og_title":"Die Start-UpToolbox - Start Finance Now","og_description":"Toolbox f\u00fcr Start-Ups Diese Toolbox vereint ALLES, was Du f\u00fcr Deine Finanzprozesse am Anfang ben\u00f6tigst. Sie beantwortet DIE Fragen, welche sich Gr\u00fcnder und ihre Finance Allrounder immer stellen: Wie kann ich meine Finanzprozesse ohne bzw. mit einem kleinen Budget automatisieren? Ich biete ein All-in-One-Paket f\u00fcr Continue reading &rarr;","og_url":"https:\/\/startfinance-now.com\/de\/services\/die-start-uptoolbox\/","og_site_name":"Start Finance Now","article_modified_time":"2024-03-24T14:21:24+00:00","og_image":[{"url":"https:\/\/startfinance-now.com\/wp-content\/uploads\/2023\/05\/start-finance-now-finance-toolbox.webp","type":"","width":"","height":""}],"twitter_card":"summary_large_image","twitter_misc":{"Est. reading time":"3 minutes"},"schema":{"@context":"https:\/\/schema.org","@graph":[{"@type":"WebPage","@id":"https:\/\/startfinance-now.com\/de\/services\/die-start-uptoolbox\/","url":"https:\/\/startfinance-now.com\/de\/services\/die-start-uptoolbox\/","name":"Die Start-UpToolbox - Start Finance Now","isPartOf":{"@id":"https:\/\/startfinance-now.com\/#website"},"primaryImageOfPage":{"@id":"https:\/\/startfinance-now.com\/de\/services\/die-start-uptoolbox\/#primaryimage"},"image":{"@id":"https:\/\/startfinance-now.com\/de\/services\/die-start-uptoolbox\/#primaryimage"},"thumbnailUrl":"https:\/\/startfinance-now.com\/wp-content\/uploads\/2023\/05\/start-finance-now-finance-toolbox.webp","datePublished":"2023-05-15T17:21:13+00:00","dateModified":"2024-03-24T14:21:24+00:00","breadcrumb":{"@id":"https:\/\/startfinance-now.com\/de\/services\/die-start-uptoolbox\/#breadcrumb"},"inLanguage":"de-DE","potentialAction":[{"@type":"ReadAction","target":["https:\/\/startfinance-now.com\/de\/services\/die-start-uptoolbox\/"]}]},{"@type":"ImageObject","inLanguage":"de-DE","@id":"https:\/\/startfinance-now.com\/de\/services\/die-start-uptoolbox\/#primaryimage","url":"https:\/\/startfinance-now.com\/wp-content\/uploads\/2023\/05\/start-finance-now-finance-toolbox.webp","contentUrl":"https:\/\/startfinance-now.com\/wp-content\/uploads\/2023\/05\/start-finance-now-finance-toolbox.webp"},{"@type":"BreadcrumbList","@id":"https:\/\/startfinance-now.com\/de\/services\/die-start-uptoolbox\/#breadcrumb","itemListElement":[{"@type":"ListItem","position":1,"name":"Home","item":"https:\/\/startfinance-now.com\/de\/"},{"@type":"ListItem","position":2,"name":"Services","item":"https:\/\/startfinance-now.com\/de\/services\/"},{"@type":"ListItem","position":3,"name":"Die Start-UpToolbox"}]},{"@type":"WebSite","@id":"https:\/\/startfinance-now.com\/#website","url":"https:\/\/startfinance-now.com\/","name":"Start Finance Now","description":"Financial coaching for start-ups and SMEs","potentialAction":[{"@type":"SearchAction","target":{"@type":"EntryPoint","urlTemplate":"https:\/\/startfinance-now.com\/?s={search_term_string}"},"query-input":{"@type":"PropertyValueSpecification","valueRequired":true,"valueName":"search_term_string"}}],"inLanguage":"de-DE"}]}},"_links":{"self":[{"href":"https:\/\/startfinance-now.com\/de\/wp-json\/wp\/v2\/pages\/822","targetHints":{"allow":["GET"]}}],"collection":[{"href":"https:\/\/startfinance-now.com\/de\/wp-json\/wp\/v2\/pages"}],"about":[{"href":"https:\/\/startfinance-now.com\/de\/wp-json\/wp\/v2\/types\/page"}],"author":[{"embeddable":true,"href":"https:\/\/startfinance-now.com\/de\/wp-json\/wp\/v2\/users\/1"}],"replies":[{"embeddable":true,"href":"https:\/\/startfinance-now.com\/de\/wp-json\/wp\/v2\/comments?post=822"}],"version-history":[{"count":3,"href":"https:\/\/startfinance-now.com\/de\/wp-json\/wp\/v2\/pages\/822\/revisions"}],"predecessor-version":[{"id":1200,"href":"https:\/\/startfinance-now.com\/de\/wp-json\/wp\/v2\/pages\/822\/revisions\/1200"}],"up":[{"embeddable":true,"href":"https:\/\/startfinance-now.com\/de\/wp-json\/wp\/v2\/pages\/819"}],"wp:attachment":[{"href":"https:\/\/startfinance-now.com\/de\/wp-json\/wp\/v2\/media?parent=822"}],"curies":[{"name":"wp","href":"https:\/\/api.w.org\/{rel}","templated":true}]}}