{"id":820,"date":"2023-05-15T19:18:12","date_gmt":"2023-05-15T17:18:12","guid":{"rendered":"https:\/\/startfinance-now.com\/services\/finance-fuer-start-ups\/"},"modified":"2024-03-13T16:09:50","modified_gmt":"2024-03-13T15:09:50","slug":"finance-fuer-start-ups","status":"publish","type":"page","link":"https:\/\/startfinance-now.com\/de\/services\/finance-fuer-start-ups\/","title":{"rendered":"Finance f\u00fcr Start-ups und Mittelstand"},"content":{"rendered":"\n<div class=\"wp-block-cover alignfull is-light\" style=\"padding-top:0;padding-right:0;padding-bottom:0;padding-left:0\"><span aria-hidden=\"true\" class=\"wp-block-cover__background has-background-dim-0 has-background-dim\"><\/span><img loading=\"lazy\" decoding=\"async\" width=\"1755\" height=\"700\" class=\"wp-block-cover__image-background wp-image-574\" alt=\"Start Finance Now\" src=\"https:\/\/startfinance-now.com\/wp-content\/uploads\/2023\/05\/start-finance-now-finance-startups.webp\" data-object-fit=\"cover\" srcset=\"https:\/\/startfinance-now.com\/wp-content\/uploads\/2023\/05\/start-finance-now-finance-startups.webp 1755w, https:\/\/startfinance-now.com\/wp-content\/uploads\/2023\/05\/start-finance-now-finance-startups-600x239.webp 600w, https:\/\/startfinance-now.com\/wp-content\/uploads\/2023\/05\/start-finance-now-finance-startups-1300x519.webp 1300w, https:\/\/startfinance-now.com\/wp-content\/uploads\/2023\/05\/start-finance-now-finance-startups-768x306.webp 768w, https:\/\/startfinance-now.com\/wp-content\/uploads\/2023\/05\/start-finance-now-finance-startups-1536x613.webp 1536w\" sizes=\"auto, (max-width: 1755px) 100vw, 1755px\" \/><div class=\"wp-block-cover__inner-container is-layout-flow wp-block-cover-is-layout-flow\">\n<div class=\"wp-block-columns is-layout-flex wp-container-core-columns-is-layout-8eb77903 wp-block-columns-is-layout-flex\" style=\"margin-top:0;margin-bottom:0\">\n<div class=\"wp-block-column is-layout-flow wp-block-column-is-layout-flow\"><\/div>\n\n\n\n<div class=\"wp-block-column has-background is-layout-flow wp-block-column-is-layout-flow\" style=\"background:linear-gradient(135deg,rgba(255,255,255,0.67) 0%,rgba(255,255,255,0.67) 100%)\">\n<div style=\"height:240px\" aria-hidden=\"true\" class=\"wp-block-spacer custom-spacing\"><\/div>\n\n\n\n<h1 class=\"wp-block-heading has-text-align-center has-primary-color has-text-color\">Finance f\u00fcr\r\nStart-Ups und Mittelstand<\/h1>\n\n\n\n<div style=\"height:240px\" aria-hidden=\"true\" class=\"wp-block-spacer custom-spacing\"><\/div>\n<\/div>\n<\/div>\n<\/div><\/div>\n\n\n\n<div style=\"height:4rem\" aria-hidden=\"true\" class=\"wp-block-spacer standard-spacing\"><\/div>\n\n\n\n<h2 class=\"wp-block-heading has-text-align-center has-primary-color has-text-color\">Start Finance f\u00fcr Start-Ups und Mittelstand<\/h2>\n\n\n\n<p>Buchhaltung und Finanzen sind f\u00fcr viele Gr\u00fcnder unwichtig, langweilig und gerade in der Anfangsphase eine Zeitverschwendung. Es geht darum die Idee marktreif zu machen &#8211; also warum sollte man seine Zeit dann mit Belegen und Excel verschwenden?<\/p>\n\n\n\n<figure class=\"wp-block-image aligncenter size-large is-resized\"><img loading=\"lazy\" decoding=\"async\" width=\"1300\" height=\"1300\" src=\"https:\/\/startfinance-now.com\/wp-content\/uploads\/2023\/05\/start-finance-now-15-1-1300x1300.webp\" alt=\"\" class=\"wp-image-334\" style=\"width:650px;height:650px\" srcset=\"https:\/\/startfinance-now.com\/wp-content\/uploads\/2023\/05\/start-finance-now-15-1-1300x1300.webp 1300w, https:\/\/startfinance-now.com\/wp-content\/uploads\/2023\/05\/start-finance-now-15-1-600x600.webp 600w, https:\/\/startfinance-now.com\/wp-content\/uploads\/2023\/05\/start-finance-now-15-1-150x150.webp 150w, https:\/\/startfinance-now.com\/wp-content\/uploads\/2023\/05\/start-finance-now-15-1-768x768.webp 768w, https:\/\/startfinance-now.com\/wp-content\/uploads\/2023\/05\/start-finance-now-15-1-1536x1536.webp 1536w, https:\/\/startfinance-now.com\/wp-content\/uploads\/2023\/05\/start-finance-now-15-1-2048x2048.webp 2048w, https:\/\/startfinance-now.com\/wp-content\/uploads\/2023\/05\/start-finance-now-15-1-scaled.webp 2000w\" sizes=\"auto, (max-width: 1300px) 100vw, 1300px\" \/><\/figure>\n\n\n\n<div style=\"height:2rem\" aria-hidden=\"true\" class=\"wp-block-spacer standard-spacing\"><\/div>\n\n\n\n<p>Ganz einfach: Buchhaltung und strukturierte Finanzen sind die Basis f\u00fcr ein erfolgreiches Unternehmen. Nur wer seine Zahlen kennt und sich auf diese auch verlassen kann, ist in der Lage strategisch wertvolle Entscheidungen zu treffen. Viele <strong>Start-Ups<\/strong> scheitern, weil sie ihre Finanzen nicht im Griff haben, nicht langfristig wirtschaften oder zu sp\u00e4t merken, dass das Geld nicht reicht. Unternehmer in der Anfangsphase steuern h\u00e4ufig nach Gef\u00fchl, weil die Fakten fehlen. Auch gibt es oft \u00c4rger mit dem Finanzamt, wegen falschen Belegen, verpassten Fristen oder zahlreicher anderer formellen Kleinigkeiten, die dann furchtbar viel Deiner wertvollen Zeit rauben .<\/p>\n\n\n\n<p>F\u00fcr den Abschluss einer Finanzierungsrunde sind saubere B\u00fccher unerl\u00e4sslich. Eine Due-Diligence mit chaotischen Finanzprozessen und intransparenter Dokumentation ist zum Scheitern verurteilt. Es gibt also unendlich viele Gr\u00fcnde warum die Buchhaltung von Tag 1 richtig gemacht werden sollte.  Je sp\u00e4ter Du mit dem Aufr\u00e4umen der Finanzen anf\u00e4ngst, desto belastender ist der Prozess.\u202f  <\/p>\n\n\n\n<p>Im <strong>Mittelstand <\/strong>sieht es anders aus: Prozesse laufen hier meist rund, doch leider sind diese noch immer sehr &#8220;papierlastig&#8221; und manuell. W\u00e4chst das Unternehmen h\u00e4ufen sich schnell \u00dcberstunden im Team an, weil auch der manuelle Aufwand steigt. Gerade f\u00fcr kleinere und mittlere Unternehmen er\u00f6ffnet die Digitalisierung neue Wege f\u00fcr Innovation und Marktteilnahme.<\/p>\n\n\n\n<h2 class=\"wp-block-heading has-primary-color has-text-color\">Beratung &amp; Coaching<\/h2>\n\n\n\n<p>Du m\u00f6chtest, dass ich mir Eure Finance Prozesse anschaue und Dich individuell berate? <\/p>\n\n\n\n<p>In einem oder mehreren Workshops analysieren wir Deinen Ist-Zustand und arbeiten gemeinsam an einer L\u00f6sung. Wir schauen gemeinsam wie wir Deine Finanzprozesse automatisieren &amp; gegebenenfalls Tools in Deine Systemlandschaft integrieren k\u00f6nnen. Unordnung und manuelle Prozesse kosten Geld. Ich helfe Dir Deine Finance &amp; Admin Landschaft effizient und effektiv aufzubauen. Die Aufgabe von Dir und Deinem Finance Team sollte sein, Euer Unternehmen aufs n\u00e4chste Level zu bringen und nicht Eure Zeit mit Finanzchaos zu verschwenden.<\/p>\n\n\n\n<h2 class=\"wp-block-heading has-primary-color has-text-color\">Fractional und Interim CFO Services<\/h2>\n\n\n\n<p>Als Teilzeit-CFO arbeite ich mit Start-ups in der Early-stage zusammen, um erste finanzielle Herausforderungen zu meistern. Am Anfang braucht ihr vielleicht noch keinen Vollzeit CFO, aber der Erfolg eures Start-ups h\u00e4ngt auch von finanziellen Entscheidungen ab, die zu Beginn getroffen werden.  Als Teilzeit-CFO unterst\u00fctze ich Euch beim Gr\u00fcndungsprozess, der Optimierung eurer Strategie, dem Set-up von Finanz- und Buchhaltungsprozessen, dem Fundraising, der Durchf\u00fchrung von Due Diligences und vielem mehr.<\/p>\n\n\n\n<div style=\"height:2rem\" aria-hidden=\"true\" class=\"wp-block-spacer standard-spacing\"><\/div>\n\n\n\n<p class=\"has-text-align-center\">\u200bIch biete Dir Knowhow zu folgenden Themen:<\/p>\n\n\n\n<div style=\"height:2rem\" aria-hidden=\"true\" class=\"wp-block-spacer standard-spacing\"><\/div>\n\n\n\n<div class=\"wp-block-group is-layout-constrained wp-block-group-is-layout-constrained\">\n<div class=\"wp-block-columns is-layout-flex wp-container-core-columns-is-layout-28f84493 wp-block-columns-is-layout-flex\">\n<div class=\"wp-block-column is-layout-flow wp-block-column-is-layout-flow\">\n<figure class=\"wp-block-image aligncenter size-full\"><img loading=\"lazy\" decoding=\"async\" width=\"89\" height=\"88\" src=\"https:\/\/startfinance-now.com\/wp-content\/uploads\/2023\/05\/jlm-start-finance-ordner-recolored.webp\" alt=\"\" class=\"wp-image-649\"\/><\/figure>\n\n\n\n<h4 class=\"wp-block-heading has-text-align-center has-primary-color has-text-color\"><strong>Buchhaltung<\/strong><\/h4>\n\n\n\n<p class=\"has-text-align-center\">Initiales Aufsetzen einer digitalen Buchhaltung<\/p>\n<\/div>\n\n\n\n<div class=\"wp-block-column is-layout-flow wp-block-column-is-layout-flow\">\n<figure class=\"wp-block-image aligncenter size-full\"><img loading=\"lazy\" decoding=\"async\" width=\"89\" height=\"88\" src=\"https:\/\/startfinance-now.com\/wp-content\/uploads\/2023\/05\/jlm-start-finance-charts-recolored.webp\" alt=\"\" class=\"wp-image-651\"\/><\/figure>\n\n\n\n<h4 class=\"wp-block-heading has-text-align-center has-primary-color has-text-color\"><strong>Controlling<\/strong><\/h4>\n\n\n\n<p class=\"has-text-align-center\">Aufsetzen der wichtigsten Entscheidungshilfen durch Einsatz einfacher Tools<\/p>\n<\/div>\n\n\n\n<div class=\"wp-block-column is-layout-flow wp-block-column-is-layout-flow\">\n<figure class=\"wp-block-image aligncenter size-full\"><img loading=\"lazy\" decoding=\"async\" width=\"89\" height=\"88\" src=\"https:\/\/startfinance-now.com\/wp-content\/uploads\/2023\/05\/jlm-start-finance-flipchart-recolored-pn.webp\" alt=\"\" class=\"wp-image-653\"\/><\/figure>\n\n\n\n<h4 class=\"wp-block-heading has-text-align-center has-primary-color has-text-color\"><strong><strong>Reporting<\/strong><\/strong><\/h4>\n\n\n\n<p class=\"has-text-align-center\">Strukturierte Abschl\u00fcsse. Aussagekr\u00e4ftige Reportings f\u00fcr Investoren und Management <\/p>\n<\/div>\n<\/div>\n\n\n\n<div class=\"wp-block-columns is-layout-flex wp-container-core-columns-is-layout-28f84493 wp-block-columns-is-layout-flex\">\n<div class=\"wp-block-column is-layout-flow wp-block-column-is-layout-flow\">\n<figure class=\"wp-block-image aligncenter size-full\"><img loading=\"lazy\" decoding=\"async\" width=\"89\" height=\"88\" src=\"https:\/\/startfinance-now.com\/wp-content\/uploads\/2023\/05\/jlm-start-finance-gear2-recolored.webp\" alt=\"\" class=\"wp-image-655\"\/><\/figure>\n\n\n\n<h4 class=\"wp-block-heading has-text-align-center has-primary-color has-text-color\"><strong>Cash<\/strong><\/h4>\n\n\n\n<p class=\"has-text-align-center\">Digitale Cash-Planung, Liquidit\u00e4tsreporting &amp; Working Capital Management <\/p>\n<\/div>\n\n\n\n<div class=\"wp-block-column is-layout-flow wp-block-column-is-layout-flow\">\n<figure class=\"wp-block-image aligncenter size-full\"><img loading=\"lazy\" decoding=\"async\" width=\"89\" height=\"88\" src=\"https:\/\/startfinance-now.com\/wp-content\/uploads\/2023\/05\/jlm-start-finance-cloud-recolored.webp\" alt=\"\" class=\"wp-image-657\"\/><\/figure>\n\n\n\n<h4 class=\"wp-block-heading has-text-align-center has-primary-color has-text-color\"><strong>Digitalisierung<\/strong><\/h4>\n\n\n\n<p class=\"has-text-align-center\">Hilfe bei der Auswahl \/ Erstellung von Tools f\u00fcr digitale Finanzprozesse <\/p>\n<\/div>\n\n\n\n<div class=\"wp-block-column is-layout-flow wp-block-column-is-layout-flow\">\n<figure class=\"wp-block-image aligncenter size-full\"><img loading=\"lazy\" decoding=\"async\" width=\"89\" height=\"88\" src=\"https:\/\/startfinance-now.com\/wp-content\/uploads\/2023\/05\/jlm-start-finance-gear-idea-recolored-pn.webp\" alt=\"\" class=\"wp-image-659\"\/><\/figure>\n\n\n\n<h4 class=\"wp-block-heading has-text-align-center has-primary-color has-text-color\"><strong>Automatisierung<\/strong><\/h4>\n\n\n\n<p class=\"has-text-align-center\">Automatisierung der Finanzprozesse. Stop der Ressourcenverschwendung.<\/p>\n<\/div>\n<\/div>\n<\/div>\n\n\n\n<div style=\"height:2rem\" aria-hidden=\"true\" class=\"wp-block-spacer standard-spacing\"><\/div>\n\n\n\n<div class=\"wp-block-cover alignfull is-light\"><span aria-hidden=\"true\" class=\"wp-block-cover__background has-primary-background-color has-background-dim-100 has-background-dim\"><\/span><div class=\"wp-block-cover__inner-container is-layout-flow wp-block-cover-is-layout-flow\">\n<div class=\"wp-block-group alignfull has-base-color has-text-color has-link-color wp-elements-0c870f3cbd9d2764fd814ada7983d1bd is-layout-constrained wp-container-core-group-is-layout-19e250f3 wp-block-group-is-layout-constrained\">\n<div style=\"height:4rem\" aria-hidden=\"true\" class=\"wp-block-spacer standard-spacing\"><\/div>\n\n\n\n<div class=\"wp-block-columns is-layout-flex wp-container-core-columns-is-layout-28f84493 wp-block-columns-is-layout-flex\">\n<div class=\"wp-block-column is-layout-flow wp-block-column-is-layout-flow\">\n<h2 class=\"wp-block-heading\" id=\"contact\"><strong>Lass uns jetzt gemeinsam durchstarten \ud83d\ude80<\/strong><\/h2>\n\n\n\n<p>Hinterlasse eine Nachricht hier oder schreibe mir eine E-Mail: <a href=\"mailto:jana@startfinance-now.com?subject=jana[at]startfinance-now.com\">jana[at]startfinance-now.com<\/a><\/p>\n<\/div>\n\n\n\n<div class=\"wp-block-column is-layout-flow wp-block-column-is-layout-flow\">\n<div class=\"wp-block-contact-form-7-contact-form-selector\">\n<div class=\"wpcf7 no-js\" id=\"wpcf7-f784-o1\" lang=\"es-ES\" dir=\"ltr\" data-wpcf7-id=\"784\">\n<div class=\"screen-reader-response\"><p role=\"status\" aria-live=\"polite\" aria-atomic=\"true\"><\/p> <ul><\/ul><\/div>\n<form action=\"\/de\/wp-json\/wp\/v2\/pages\/820#wpcf7-f784-o1\" method=\"post\" class=\"wpcf7-form init\" aria-label=\"Contact form\" novalidate=\"novalidate\" data-status=\"init\">\n<fieldset class=\"hidden-fields-container\"><input type=\"hidden\" name=\"_wpcf7\" value=\"784\" \/><input type=\"hidden\" name=\"_wpcf7_version\" value=\"6.1.5\" \/><input type=\"hidden\" name=\"_wpcf7_locale\" value=\"es_ES\" \/><input type=\"hidden\" name=\"_wpcf7_unit_tag\" value=\"wpcf7-f784-o1\" \/><input type=\"hidden\" name=\"_wpcf7_container_post\" value=\"0\" \/><input type=\"hidden\" name=\"_wpcf7_posted_data_hash\" value=\"\" \/>\n<\/fieldset>\n<label>\n<span class=\"visually-hidden\">Name<\/span>\n<span class=\"wpcf7-form-control-wrap\" data-name=\"your-name\"><input size=\"40\" maxlength=\"400\" class=\"wpcf7-form-control wpcf7-text wpcf7-validates-as-required\" aria-required=\"true\" aria-invalid=\"false\" placeholder=\"Name\" value=\"\" type=\"text\" name=\"your-name\" \/><\/span>\n<\/label>\n\n<label>\n<span class=\"visually-hidden\">E-Mailadresse<\/span>\n<span class=\"wpcf7-form-control-wrap\" data-name=\"your-email\"><input size=\"40\" maxlength=\"400\" class=\"wpcf7-form-control wpcf7-email wpcf7-validates-as-required wpcf7-text wpcf7-validates-as-email\" aria-required=\"true\" aria-invalid=\"false\" placeholder=\"E-Mailadresse\" value=\"\" type=\"email\" name=\"your-email\" \/><\/span>\n<\/label>\n\n<label>\n<span class=\"visually-hidden\">Rufnummer<\/span>\n<span class=\"wpcf7-form-control-wrap\" data-name=\"your-phone\"><input size=\"40\" maxlength=\"400\" class=\"wpcf7-form-control wpcf7-text wpcf7-validates-as-required\" aria-required=\"true\" aria-invalid=\"false\" placeholder=\"Rufnummer\" value=\"\" type=\"text\" name=\"your-phone\" \/><\/span>\n<\/label>\n\n<label>\n<span class=\"visually-hidden\">Betreff<\/span>\n<span class=\"wpcf7-form-control-wrap\" data-name=\"subject\"><select class=\"wpcf7-form-control wpcf7-select wpcf7-validates-as-required\" aria-required=\"true\" aria-invalid=\"false\" name=\"subject\"><option value=\"\">Betreff<\/option><option value=\"Startups\">Startups<\/option><option value=\"Small Business\">Small Business<\/option><option value=\"Financial coaching for women\">Financial coaching for women<\/option><option value=\"Other\">Other<\/option><\/select><\/span>\n<\/label>\n\n<label>\n<span class=\"visually-hidden\">Deine Nachricht<\/span>\n<span class=\"wpcf7-form-control-wrap\" data-name=\"your-message\"><textarea cols=\"40\" rows=\"10\" maxlength=\"2000\" class=\"wpcf7-form-control wpcf7-textarea\" aria-invalid=\"false\" placeholder=\"Deine Nachricht\" name=\"your-message\"><\/textarea><\/span>\n<\/label>\n\n<span class=\"wpcf7-form-control-wrap\" data-name=\"acceptance-574\"><span class=\"wpcf7-form-control wpcf7-acceptance\"><span class=\"wpcf7-list-item\"><label><input type=\"checkbox\" name=\"acceptance-574\" value=\"1\" aria-invalid=\"false\" \/><span class=\"wpcf7-list-item-label\">Hiermit akzeptiere ich die <a href=\"https:\/\/startfinance-now.com\/de\/datenschutzerklaerung\/\" target=\"_blank\">Datenschutzerkl\u00e4rung<\/a>.<\/span><\/label><\/span><\/span><\/span>\n\n<span id=\"wpcf7-69e17ee2c42ca-wrapper\" class=\"wpcf7-form-control-wrap website-wrap\" style=\"display:none !important; visibility:hidden !important;\"><input type=\"hidden\" name=\"website-time-start\" value=\"1776385762\"><input type=\"hidden\" name=\"website-time-check\" value=\"4\"><label for=\"wpcf7-69e17ee2c42ca-field\" class=\"hp-message\">Please leave this field empty.<\/label><input id=\"wpcf7-69e17ee2c42ca-field\"  class=\"wpcf7-form-control wpcf7-text\" type=\"text\" name=\"website\" value=\"\" size=\"40\" tabindex=\"-1\" autocomplete=\"new-password\" \/><\/span>\n<span id=\"wpcf7-69e17ee2c42fb-wrapper\" class=\"wpcf7-form-control-wrap email-wrap\" style=\"display:none !important; visibility:hidden !important;\"><input type=\"hidden\" name=\"email-time-start\" value=\"1776385762\"><input type=\"hidden\" name=\"email-time-check\" value=\"4\"><label for=\"wpcf7-69e17ee2c42fb-field\" class=\"hp-message\">Please leave this field empty.<\/label><input id=\"wpcf7-69e17ee2c42fb-field\"  class=\"wpcf7-form-control wpcf7-text\" type=\"text\" name=\"email\" value=\"\" size=\"40\" tabindex=\"-1\" autocomplete=\"new-password\" \/><\/span>\n\n<input class=\"wpcf7-form-control wpcf7-submit has-spinner iconoboton\" type=\"submit\" value=\"Absenden\" \/><div class=\"wpcf7-response-output\" aria-hidden=\"true\"><\/div>\n<\/form>\n<\/div>\n<\/div>\r\n<\/div>\n<\/div>\n\n\n\n<div style=\"height:4rem\" aria-hidden=\"true\" class=\"wp-block-spacer standard-spacing\"><\/div>\n<\/div>\n<\/div><\/div>\n","protected":false},"excerpt":{"rendered":"<p>Start Finance f\u00fcr Start-Ups und Mittelstand Buchhaltung und Finanzen sind f\u00fcr viele Gr\u00fcnder unwichtig, langweilig und gerade in der Anfangsphase eine Zeitverschwendung. Es geht darum die Idee marktreif zu machen &#8211; also warum sollte man seine Zeit dann mit Belegen und Excel verschwenden? Ganz einfach: <a class=\"read-more\" href=\"https:\/\/startfinance-now.com\/de\/services\/finance-fuer-start-ups\/\">Continue reading <span class=\"meta-nav\">&rarr;<\/span><\/a><\/p>\n","protected":false},"author":1,"featured_media":0,"parent":819,"menu_order":1,"comment_status":"closed","ping_status":"closed","template":"","meta":{"inline_featured_image":false,"footnotes":""},"class_list":["post-820","page","type-page","status-publish","hentry"],"yoast_head":"<!-- This site is optimized with the Yoast SEO plugin v27.0 - https:\/\/yoast.com\/product\/yoast-seo-wordpress\/ -->\n<title>Finance f\u00fcr Start-ups und Mittelstand - Start Finance Now<\/title>\n<meta name=\"robots\" content=\"index, follow, max-snippet:-1, max-image-preview:large, max-video-preview:-1\" \/>\n<link rel=\"canonical\" href=\"https:\/\/startfinance-now.com\/de\/services\/finance-fuer-start-ups\/\" \/>\n<meta property=\"og:locale\" content=\"de_DE\" \/>\n<meta property=\"og:type\" content=\"article\" \/>\n<meta property=\"og:title\" content=\"Finance f\u00fcr Start-ups und Mittelstand - Start Finance Now\" \/>\n<meta property=\"og:description\" content=\"Start Finance f\u00fcr Start-Ups und Mittelstand Buchhaltung und Finanzen sind f\u00fcr viele Gr\u00fcnder unwichtig, langweilig und gerade in der Anfangsphase eine Zeitverschwendung. Es geht darum die Idee marktreif zu machen &#8211; also warum sollte man seine Zeit dann mit Belegen und Excel verschwenden? Ganz einfach: Continue reading &rarr;\" \/>\n<meta property=\"og:url\" content=\"https:\/\/startfinance-now.com\/de\/services\/finance-fuer-start-ups\/\" \/>\n<meta property=\"og:site_name\" content=\"Start Finance Now\" \/>\n<meta property=\"article:modified_time\" content=\"2024-03-13T15:09:50+00:00\" \/>\n<meta property=\"og:image\" content=\"https:\/\/startfinance-now.com\/wp-content\/uploads\/2023\/05\/start-finance-now-finance-startups.webp\" \/>\n<meta name=\"twitter:card\" content=\"summary_large_image\" \/>\n<meta name=\"twitter:label1\" content=\"Est. reading time\" \/>\n\t<meta name=\"twitter:data1\" content=\"4 minutes\" \/>\n<script type=\"application\/ld+json\" class=\"yoast-schema-graph\">{\"@context\":\"https:\/\/schema.org\",\"@graph\":[{\"@type\":\"WebPage\",\"@id\":\"https:\/\/startfinance-now.com\/de\/services\/finance-fuer-start-ups\/\",\"url\":\"https:\/\/startfinance-now.com\/de\/services\/finance-fuer-start-ups\/\",\"name\":\"Finance f\u00fcr Start-ups und Mittelstand - Start Finance Now\",\"isPartOf\":{\"@id\":\"https:\/\/startfinance-now.com\/#website\"},\"primaryImageOfPage\":{\"@id\":\"https:\/\/startfinance-now.com\/de\/services\/finance-fuer-start-ups\/#primaryimage\"},\"image\":{\"@id\":\"https:\/\/startfinance-now.com\/de\/services\/finance-fuer-start-ups\/#primaryimage\"},\"thumbnailUrl\":\"https:\/\/startfinance-now.com\/wp-content\/uploads\/2023\/05\/start-finance-now-finance-startups.webp\",\"datePublished\":\"2023-05-15T17:18:12+00:00\",\"dateModified\":\"2024-03-13T15:09:50+00:00\",\"breadcrumb\":{\"@id\":\"https:\/\/startfinance-now.com\/de\/services\/finance-fuer-start-ups\/#breadcrumb\"},\"inLanguage\":\"de-DE\",\"potentialAction\":[{\"@type\":\"ReadAction\",\"target\":[\"https:\/\/startfinance-now.com\/de\/services\/finance-fuer-start-ups\/\"]}]},{\"@type\":\"ImageObject\",\"inLanguage\":\"de-DE\",\"@id\":\"https:\/\/startfinance-now.com\/de\/services\/finance-fuer-start-ups\/#primaryimage\",\"url\":\"https:\/\/startfinance-now.com\/wp-content\/uploads\/2023\/05\/start-finance-now-finance-startups.webp\",\"contentUrl\":\"https:\/\/startfinance-now.com\/wp-content\/uploads\/2023\/05\/start-finance-now-finance-startups.webp\"},{\"@type\":\"BreadcrumbList\",\"@id\":\"https:\/\/startfinance-now.com\/de\/services\/finance-fuer-start-ups\/#breadcrumb\",\"itemListElement\":[{\"@type\":\"ListItem\",\"position\":1,\"name\":\"Home\",\"item\":\"https:\/\/startfinance-now.com\/de\/\"},{\"@type\":\"ListItem\",\"position\":2,\"name\":\"Services\",\"item\":\"https:\/\/startfinance-now.com\/de\/services\/\"},{\"@type\":\"ListItem\",\"position\":3,\"name\":\"Finance f\u00fcr Start-ups und Mittelstand\"}]},{\"@type\":\"WebSite\",\"@id\":\"https:\/\/startfinance-now.com\/#website\",\"url\":\"https:\/\/startfinance-now.com\/\",\"name\":\"Start Finance Now\",\"description\":\"Financial coaching for start-ups and SMEs\",\"potentialAction\":[{\"@type\":\"SearchAction\",\"target\":{\"@type\":\"EntryPoint\",\"urlTemplate\":\"https:\/\/startfinance-now.com\/?s={search_term_string}\"},\"query-input\":{\"@type\":\"PropertyValueSpecification\",\"valueRequired\":true,\"valueName\":\"search_term_string\"}}],\"inLanguage\":\"de-DE\"}]}<\/script>\n<!-- \/ Yoast SEO plugin. -->","yoast_head_json":{"title":"Finance f\u00fcr Start-ups und Mittelstand - Start Finance Now","robots":{"index":"index","follow":"follow","max-snippet":"max-snippet:-1","max-image-preview":"max-image-preview:large","max-video-preview":"max-video-preview:-1"},"canonical":"https:\/\/startfinance-now.com\/de\/services\/finance-fuer-start-ups\/","og_locale":"de_DE","og_type":"article","og_title":"Finance f\u00fcr Start-ups und Mittelstand - Start Finance Now","og_description":"Start Finance f\u00fcr Start-Ups und Mittelstand Buchhaltung und Finanzen sind f\u00fcr viele Gr\u00fcnder unwichtig, langweilig und gerade in der Anfangsphase eine Zeitverschwendung. Es geht darum die Idee marktreif zu machen &#8211; also warum sollte man seine Zeit dann mit Belegen und Excel verschwenden? Ganz einfach: Continue reading &rarr;","og_url":"https:\/\/startfinance-now.com\/de\/services\/finance-fuer-start-ups\/","og_site_name":"Start Finance Now","article_modified_time":"2024-03-13T15:09:50+00:00","og_image":[{"url":"https:\/\/startfinance-now.com\/wp-content\/uploads\/2023\/05\/start-finance-now-finance-startups.webp","type":"","width":"","height":""}],"twitter_card":"summary_large_image","twitter_misc":{"Est. reading time":"4 minutes"},"schema":{"@context":"https:\/\/schema.org","@graph":[{"@type":"WebPage","@id":"https:\/\/startfinance-now.com\/de\/services\/finance-fuer-start-ups\/","url":"https:\/\/startfinance-now.com\/de\/services\/finance-fuer-start-ups\/","name":"Finance f\u00fcr Start-ups und Mittelstand - Start Finance Now","isPartOf":{"@id":"https:\/\/startfinance-now.com\/#website"},"primaryImageOfPage":{"@id":"https:\/\/startfinance-now.com\/de\/services\/finance-fuer-start-ups\/#primaryimage"},"image":{"@id":"https:\/\/startfinance-now.com\/de\/services\/finance-fuer-start-ups\/#primaryimage"},"thumbnailUrl":"https:\/\/startfinance-now.com\/wp-content\/uploads\/2023\/05\/start-finance-now-finance-startups.webp","datePublished":"2023-05-15T17:18:12+00:00","dateModified":"2024-03-13T15:09:50+00:00","breadcrumb":{"@id":"https:\/\/startfinance-now.com\/de\/services\/finance-fuer-start-ups\/#breadcrumb"},"inLanguage":"de-DE","potentialAction":[{"@type":"ReadAction","target":["https:\/\/startfinance-now.com\/de\/services\/finance-fuer-start-ups\/"]}]},{"@type":"ImageObject","inLanguage":"de-DE","@id":"https:\/\/startfinance-now.com\/de\/services\/finance-fuer-start-ups\/#primaryimage","url":"https:\/\/startfinance-now.com\/wp-content\/uploads\/2023\/05\/start-finance-now-finance-startups.webp","contentUrl":"https:\/\/startfinance-now.com\/wp-content\/uploads\/2023\/05\/start-finance-now-finance-startups.webp"},{"@type":"BreadcrumbList","@id":"https:\/\/startfinance-now.com\/de\/services\/finance-fuer-start-ups\/#breadcrumb","itemListElement":[{"@type":"ListItem","position":1,"name":"Home","item":"https:\/\/startfinance-now.com\/de\/"},{"@type":"ListItem","position":2,"name":"Services","item":"https:\/\/startfinance-now.com\/de\/services\/"},{"@type":"ListItem","position":3,"name":"Finance f\u00fcr Start-ups und Mittelstand"}]},{"@type":"WebSite","@id":"https:\/\/startfinance-now.com\/#website","url":"https:\/\/startfinance-now.com\/","name":"Start Finance Now","description":"Financial coaching for start-ups and SMEs","potentialAction":[{"@type":"SearchAction","target":{"@type":"EntryPoint","urlTemplate":"https:\/\/startfinance-now.com\/?s={search_term_string}"},"query-input":{"@type":"PropertyValueSpecification","valueRequired":true,"valueName":"search_term_string"}}],"inLanguage":"de-DE"}]}},"_links":{"self":[{"href":"https:\/\/startfinance-now.com\/de\/wp-json\/wp\/v2\/pages\/820","targetHints":{"allow":["GET"]}}],"collection":[{"href":"https:\/\/startfinance-now.com\/de\/wp-json\/wp\/v2\/pages"}],"about":[{"href":"https:\/\/startfinance-now.com\/de\/wp-json\/wp\/v2\/types\/page"}],"author":[{"embeddable":true,"href":"https:\/\/startfinance-now.com\/de\/wp-json\/wp\/v2\/users\/1"}],"replies":[{"embeddable":true,"href":"https:\/\/startfinance-now.com\/de\/wp-json\/wp\/v2\/comments?post=820"}],"version-history":[{"count":11,"href":"https:\/\/startfinance-now.com\/de\/wp-json\/wp\/v2\/pages\/820\/revisions"}],"predecessor-version":[{"id":1176,"href":"https:\/\/startfinance-now.com\/de\/wp-json\/wp\/v2\/pages\/820\/revisions\/1176"}],"up":[{"embeddable":true,"href":"https:\/\/startfinance-now.com\/de\/wp-json\/wp\/v2\/pages\/819"}],"wp:attachment":[{"href":"https:\/\/startfinance-now.com\/de\/wp-json\/wp\/v2\/media?parent=820"}],"curies":[{"name":"wp","href":"https:\/\/api.w.org\/{rel}","templated":true}]}}