{"id":817,"date":"2023-05-15T19:19:08","date_gmt":"2023-05-15T17:19:08","guid":{"rendered":"https:\/\/startfinance-now.com\/ueber-mich\/"},"modified":"2024-03-13T16:25:24","modified_gmt":"2024-03-13T15:25:24","slug":"ueber-mich","status":"publish","type":"page","link":"https:\/\/startfinance-now.com\/de\/ueber-mich\/","title":{"rendered":"\u00dcber mich"},"content":{"rendered":"\n<h1 class=\"wp-block-heading has-text-align-center has-primary-color has-text-color\" style=\"font-style:normal;font-weight:300\">\u00dcber mich<\/h1>\n\n\n<figure class=\"wp-block-post-featured-image\"><img loading=\"lazy\" decoding=\"async\" width=\"946\" height=\"631\" src=\"https:\/\/startfinance-now.com\/wp-content\/uploads\/2023\/05\/start-finance-now-finance-about-me.webp\" class=\"attachment-post-thumbnail size-post-thumbnail wp-post-image\" alt=\"\" style=\"object-fit:cover;\" srcset=\"https:\/\/startfinance-now.com\/wp-content\/uploads\/2023\/05\/start-finance-now-finance-about-me.webp 946w, https:\/\/startfinance-now.com\/wp-content\/uploads\/2023\/05\/start-finance-now-finance-about-me-600x400.webp 600w, https:\/\/startfinance-now.com\/wp-content\/uploads\/2023\/05\/start-finance-now-finance-about-me-768x512.webp 768w\" sizes=\"auto, (max-width: 946px) 100vw, 946px\" \/><\/figure>\n\n\n<p>Ich bin Jana, Erbsenz\u00e4hlerin by heart, B\u00f6rseninteressierte und Weltverbesserin. <\/p>\n\n\n\n<p>Ich habe nach meinem BWL-Studium fast 15 Jahre in verschiedenen Unternehmen Buchhaltungen &amp; Controllingstrukturen aufgesetzt sowie Finanzprozesse implementiert. Vom Mittelst\u00e4ndler bis zum Start-Up habe ich immer wieder Ordnung in das Anfangschaos und die Zettelwirtschaft gebracht. Mein letztes Startup war ein Venture Capital finanziertes, high-growth KI-Startup, bei dem ich f\u00fcr eine erfolgreiche A-Runde gesorgt sowie die Basis f\u00fcr die anstehende B-Runde gelegt habe. Jetzt arbeite ich als Freiberuflerin, um so vielen Start-ups wie m\u00f6glich zu helfen und meine Mission zu erf\u00fcllen: Kein Start-up sollte an Zahlenchaos scheitern.<\/p>\n\n\n\n<p>Start-Ups, die mit dem Aufsetzen von Finanzprozessen k\u00e4mpfen bzw. diese viel zu lange ignoriert haben, befinden sich schnell im Beleg- und administrativen Prozesschaos. In der Gr\u00fcndungsphase bleibt oft keine Zeit sich \u00fcber Buchhaltung Gedanken zu machen, aber hier werden die Grundlagen f\u00fcr ein wirtschaftlich starkes Unternehmen und erfolgreiche Finanzierungsrunden gelegt. Finance ist keine Rocket Science und mit ein paar Tools und strukturierten digitalen Prozessen kann ich helfen die Basis f\u00fcr die richtigen Unternehmensentscheidungen zu legen. Entweder mit meiner <a href=\"https:\/\/startfinance-now.com\/de\/services\/die-start-uptoolbox\/\">Toolbox <\/a>oder einem Coaching.<\/p>\n\n\n\n<p>F\u00fcr den Mittelstand ist Digitalisierung eine strategische Notwendigkeit, wenn das Unternehmen nach Effizienz, Flexibilit\u00e4t und nachhaltigem Wachstum strebt. Digitalisierung ist heute f\u00fcr alle zug\u00e4nglich und ich helfe dabei diese in Finanz- und administrativen Prozessen umzusetzen. Entweder \u00fcber meinen <a href=\"https:\/\/elopage.com\/s\/startfinance-now\">Onlinekurs <\/a>oder einem individuellem Coaching.<\/p>\n\n\n\n<p class=\"has-text-align-center\"><strong>Also, \u00c4rmel hoch und Start Finance NOW! <\/strong><\/p>\n","protected":false},"excerpt":{"rendered":"<p>\u00dcber mich Ich bin Jana, Erbsenz\u00e4hlerin by heart, B\u00f6rseninteressierte und Weltverbesserin. Ich habe nach meinem BWL-Studium fast 15 Jahre in verschiedenen Unternehmen Buchhaltungen &amp; Controllingstrukturen aufgesetzt sowie Finanzprozesse implementiert. Vom Mittelst\u00e4ndler bis zum Start-Up habe ich immer wieder Ordnung in das Anfangschaos und die Zettelwirtschaft <a class=\"read-more\" href=\"https:\/\/startfinance-now.com\/de\/ueber-mich\/\">Continue reading <span class=\"meta-nav\">&rarr;<\/span><\/a><\/p>\n","protected":false},"author":1,"featured_media":639,"parent":0,"menu_order":3,"comment_status":"closed","ping_status":"closed","template":"","meta":{"inline_featured_image":false,"footnotes":""},"class_list":["post-817","page","type-page","status-publish","has-post-thumbnail","hentry"],"yoast_head":"<!-- This site is optimized with the Yoast SEO plugin v27.0 - https:\/\/yoast.com\/product\/yoast-seo-wordpress\/ -->\n<title>\u00dcber mich - Start Finance Now<\/title>\n<meta name=\"robots\" content=\"index, follow, max-snippet:-1, max-image-preview:large, max-video-preview:-1\" \/>\n<link rel=\"canonical\" href=\"https:\/\/startfinance-now.com\/de\/ueber-mich\/\" \/>\n<meta property=\"og:locale\" content=\"de_DE\" \/>\n<meta property=\"og:type\" content=\"article\" \/>\n<meta property=\"og:title\" content=\"\u00dcber mich - Start Finance Now\" \/>\n<meta property=\"og:description\" content=\"\u00dcber mich Ich bin Jana, Erbsenz\u00e4hlerin by heart, B\u00f6rseninteressierte und Weltverbesserin. Ich habe nach meinem BWL-Studium fast 15 Jahre in verschiedenen Unternehmen Buchhaltungen &amp; Controllingstrukturen aufgesetzt sowie Finanzprozesse implementiert. Vom Mittelst\u00e4ndler bis zum Start-Up habe ich immer wieder Ordnung in das Anfangschaos und die Zettelwirtschaft Continue reading &rarr;\" \/>\n<meta property=\"og:url\" content=\"https:\/\/startfinance-now.com\/de\/ueber-mich\/\" \/>\n<meta property=\"og:site_name\" content=\"Start Finance Now\" \/>\n<meta property=\"article:modified_time\" content=\"2024-03-13T15:25:24+00:00\" \/>\n<meta property=\"og:image\" content=\"https:\/\/startfinance-now.com\/wp-content\/uploads\/2023\/05\/start-finance-now-finance-about-me.webp\" \/>\n\t<meta property=\"og:image:width\" content=\"946\" \/>\n\t<meta property=\"og:image:height\" content=\"631\" \/>\n\t<meta property=\"og:image:type\" content=\"image\/webp\" \/>\n<meta name=\"twitter:card\" content=\"summary_large_image\" \/>\n<meta name=\"twitter:label1\" content=\"Est. reading time\" \/>\n\t<meta name=\"twitter:data1\" content=\"2 minutes\" \/>\n<script type=\"application\/ld+json\" class=\"yoast-schema-graph\">{\"@context\":\"https:\/\/schema.org\",\"@graph\":[{\"@type\":\"WebPage\",\"@id\":\"https:\/\/startfinance-now.com\/de\/ueber-mich\/\",\"url\":\"https:\/\/startfinance-now.com\/de\/ueber-mich\/\",\"name\":\"\u00dcber mich - Start Finance Now\",\"isPartOf\":{\"@id\":\"https:\/\/startfinance-now.com\/#website\"},\"primaryImageOfPage\":{\"@id\":\"https:\/\/startfinance-now.com\/de\/ueber-mich\/#primaryimage\"},\"image\":{\"@id\":\"https:\/\/startfinance-now.com\/de\/ueber-mich\/#primaryimage\"},\"thumbnailUrl\":\"https:\/\/startfinance-now.com\/wp-content\/uploads\/2023\/05\/start-finance-now-finance-about-me.webp\",\"datePublished\":\"2023-05-15T17:19:08+00:00\",\"dateModified\":\"2024-03-13T15:25:24+00:00\",\"breadcrumb\":{\"@id\":\"https:\/\/startfinance-now.com\/de\/ueber-mich\/#breadcrumb\"},\"inLanguage\":\"de-DE\",\"potentialAction\":[{\"@type\":\"ReadAction\",\"target\":[\"https:\/\/startfinance-now.com\/de\/ueber-mich\/\"]}]},{\"@type\":\"ImageObject\",\"inLanguage\":\"de-DE\",\"@id\":\"https:\/\/startfinance-now.com\/de\/ueber-mich\/#primaryimage\",\"url\":\"https:\/\/startfinance-now.com\/wp-content\/uploads\/2023\/05\/start-finance-now-finance-about-me.webp\",\"contentUrl\":\"https:\/\/startfinance-now.com\/wp-content\/uploads\/2023\/05\/start-finance-now-finance-about-me.webp\",\"width\":946,\"height\":631},{\"@type\":\"BreadcrumbList\",\"@id\":\"https:\/\/startfinance-now.com\/de\/ueber-mich\/#breadcrumb\",\"itemListElement\":[{\"@type\":\"ListItem\",\"position\":1,\"name\":\"Home\",\"item\":\"https:\/\/startfinance-now.com\/de\/\"},{\"@type\":\"ListItem\",\"position\":2,\"name\":\"\u00dcber mich\"}]},{\"@type\":\"WebSite\",\"@id\":\"https:\/\/startfinance-now.com\/#website\",\"url\":\"https:\/\/startfinance-now.com\/\",\"name\":\"Start Finance Now\",\"description\":\"Financial coaching for start-ups and SMEs\",\"potentialAction\":[{\"@type\":\"SearchAction\",\"target\":{\"@type\":\"EntryPoint\",\"urlTemplate\":\"https:\/\/startfinance-now.com\/?s={search_term_string}\"},\"query-input\":{\"@type\":\"PropertyValueSpecification\",\"valueRequired\":true,\"valueName\":\"search_term_string\"}}],\"inLanguage\":\"de-DE\"}]}<\/script>\n<!-- \/ Yoast SEO plugin. -->","yoast_head_json":{"title":"\u00dcber mich - Start Finance Now","robots":{"index":"index","follow":"follow","max-snippet":"max-snippet:-1","max-image-preview":"max-image-preview:large","max-video-preview":"max-video-preview:-1"},"canonical":"https:\/\/startfinance-now.com\/de\/ueber-mich\/","og_locale":"de_DE","og_type":"article","og_title":"\u00dcber mich - Start Finance Now","og_description":"\u00dcber mich Ich bin Jana, Erbsenz\u00e4hlerin by heart, B\u00f6rseninteressierte und Weltverbesserin. Ich habe nach meinem BWL-Studium fast 15 Jahre in verschiedenen Unternehmen Buchhaltungen &amp; Controllingstrukturen aufgesetzt sowie Finanzprozesse implementiert. Vom Mittelst\u00e4ndler bis zum Start-Up habe ich immer wieder Ordnung in das Anfangschaos und die Zettelwirtschaft Continue reading &rarr;","og_url":"https:\/\/startfinance-now.com\/de\/ueber-mich\/","og_site_name":"Start Finance Now","article_modified_time":"2024-03-13T15:25:24+00:00","og_image":[{"width":946,"height":631,"url":"https:\/\/startfinance-now.com\/wp-content\/uploads\/2023\/05\/start-finance-now-finance-about-me.webp","type":"image\/webp"}],"twitter_card":"summary_large_image","twitter_misc":{"Est. reading time":"2 minutes"},"schema":{"@context":"https:\/\/schema.org","@graph":[{"@type":"WebPage","@id":"https:\/\/startfinance-now.com\/de\/ueber-mich\/","url":"https:\/\/startfinance-now.com\/de\/ueber-mich\/","name":"\u00dcber mich - Start Finance Now","isPartOf":{"@id":"https:\/\/startfinance-now.com\/#website"},"primaryImageOfPage":{"@id":"https:\/\/startfinance-now.com\/de\/ueber-mich\/#primaryimage"},"image":{"@id":"https:\/\/startfinance-now.com\/de\/ueber-mich\/#primaryimage"},"thumbnailUrl":"https:\/\/startfinance-now.com\/wp-content\/uploads\/2023\/05\/start-finance-now-finance-about-me.webp","datePublished":"2023-05-15T17:19:08+00:00","dateModified":"2024-03-13T15:25:24+00:00","breadcrumb":{"@id":"https:\/\/startfinance-now.com\/de\/ueber-mich\/#breadcrumb"},"inLanguage":"de-DE","potentialAction":[{"@type":"ReadAction","target":["https:\/\/startfinance-now.com\/de\/ueber-mich\/"]}]},{"@type":"ImageObject","inLanguage":"de-DE","@id":"https:\/\/startfinance-now.com\/de\/ueber-mich\/#primaryimage","url":"https:\/\/startfinance-now.com\/wp-content\/uploads\/2023\/05\/start-finance-now-finance-about-me.webp","contentUrl":"https:\/\/startfinance-now.com\/wp-content\/uploads\/2023\/05\/start-finance-now-finance-about-me.webp","width":946,"height":631},{"@type":"BreadcrumbList","@id":"https:\/\/startfinance-now.com\/de\/ueber-mich\/#breadcrumb","itemListElement":[{"@type":"ListItem","position":1,"name":"Home","item":"https:\/\/startfinance-now.com\/de\/"},{"@type":"ListItem","position":2,"name":"\u00dcber mich"}]},{"@type":"WebSite","@id":"https:\/\/startfinance-now.com\/#website","url":"https:\/\/startfinance-now.com\/","name":"Start Finance Now","description":"Financial coaching for start-ups and SMEs","potentialAction":[{"@type":"SearchAction","target":{"@type":"EntryPoint","urlTemplate":"https:\/\/startfinance-now.com\/?s={search_term_string}"},"query-input":{"@type":"PropertyValueSpecification","valueRequired":true,"valueName":"search_term_string"}}],"inLanguage":"de-DE"}]}},"_links":{"self":[{"href":"https:\/\/startfinance-now.com\/de\/wp-json\/wp\/v2\/pages\/817","targetHints":{"allow":["GET"]}}],"collection":[{"href":"https:\/\/startfinance-now.com\/de\/wp-json\/wp\/v2\/pages"}],"about":[{"href":"https:\/\/startfinance-now.com\/de\/wp-json\/wp\/v2\/types\/page"}],"author":[{"embeddable":true,"href":"https:\/\/startfinance-now.com\/de\/wp-json\/wp\/v2\/users\/1"}],"replies":[{"embeddable":true,"href":"https:\/\/startfinance-now.com\/de\/wp-json\/wp\/v2\/comments?post=817"}],"version-history":[{"count":8,"href":"https:\/\/startfinance-now.com\/de\/wp-json\/wp\/v2\/pages\/817\/revisions"}],"predecessor-version":[{"id":1179,"href":"https:\/\/startfinance-now.com\/de\/wp-json\/wp\/v2\/pages\/817\/revisions\/1179"}],"wp:featuredmedia":[{"embeddable":true,"href":"https:\/\/startfinance-now.com\/de\/wp-json\/wp\/v2\/media\/639"}],"wp:attachment":[{"href":"https:\/\/startfinance-now.com\/de\/wp-json\/wp\/v2\/media?parent=817"}],"curies":[{"name":"wp","href":"https:\/\/api.w.org\/{rel}","templated":true}]}}