{"id":811,"date":"2020-11-30T17:14:53","date_gmt":"2020-11-30T16:14:53","guid":{"rendered":"https:\/\/startfinance-now.com\/cookie-policy\/"},"modified":"2024-09-20T05:32:16","modified_gmt":"2024-09-20T03:32:16","slug":"cookie-policy","status":"publish","type":"page","link":"https:\/\/startfinance-now.com\/de\/cookie-policy\/","title":{"rendered":"Cookie Richtlinie"},"content":{"rendered":"\n<h1 class=\"wp-block-heading\">Cookie Richtlinie<\/h1>\n\n<p>Letzte Aktualisierung: 19-Sep-2024<\/p>\n\n<p><strong>Was sind Cookies?<\/strong><\/p>\n\n<p>In dieser Cookie-Richtlinie wird erkl\u00e4rt, was Cookies sind und wie wir sie verwenden, welche Arten von Cookies wir verwenden, welche Informationen wir mit Hilfe von Cookies sammeln und wie diese Informationen verwendet werden, und wie Sie die Cookie-Einstellungen verwalten k\u00f6nnen.<\/p>\n\n<p>Ein Cookie ist eine einfache kleine Datei, die gemeinsam mit den Seiten einer Internetadresse versendet und vom Webbrowser auf dem PC oder einem anderen Ger\u00e4t gespeichert werden kann. Die darin gespeicherten Informationen k\u00f6nnen w\u00e4hrend folgender Besuche zu unseren oder den Servern relevanter Drittanbieter gesendet werden.<\/p>\n\n<p><strong>Wozu nutzten wir Cookies?<\/strong><\/p>\n\n<p>Wie die meisten Online-Dienste verwendet auch unsere Website Cookies von Erstanbietern und Drittanbietern f\u00fcr verschiedene Zwecke. Erstanbieter-Cookies sind meist notwendig, damit die Website richtig funktioniert, und sie erfassen keine personenbezogenen Daten.<\/p>\n\n<p>Die auf unserer Website verwendeten Cookies von Drittanbietern dienen haupts\u00e4chlich dazu, zu verstehen, wie die Website funktioniert, wie Sie mit unserer Website interagieren, unsere Dienste sicher zu halten, f\u00fcr Sie relevante Werbung bereitzustellen und Ihnen insgesamt eine bessere und verbesserte Benutzererfahrung zu bieten und Ihre zuk\u00fcnftigen Interaktionen mit unserer Website zu beschleunigen.<\/p>\n\n<p><strong>Welche Cookies werden gesetzt?<\/strong><\/p>\n\n<div class=\"cky-audit-table-element\"><\/div>\r\n\n<p><strong>Cookie Einstellungen verwalten<\/strong><\/p>\n<p><a href=\"#\" class=\"cky-banner-element\">Cookie Settings<\/a><\/p>\n\n<p class=\"has-text-align-left\">Sie k\u00f6nnen Ihre Cookie-Einstellungen jederzeit \u00e4ndern, indem Sie auf die obige Schaltfl\u00e4che klicken. Dadurch k\u00f6nnen Sie das Cookie-Einwilligungsbanner erneut aufrufen und Ihre Einstellungen \u00e4ndern oder Ihre Einwilligung sofort widerrufen.<\/p>\n\n<p><strong>Google Analytics<\/strong><\/p>\n\n<p>Sie k\u00f6nnen die Erfassung Ihrer Daten durch Google Analytics verhindern, indem Sie auf den folgenden Link klicken. Es wird ein Opt-out-Cookie gesetzt, das die Erfassung Ihrer Daten bei zuk\u00fcnftigen Besuchen dieser Website verhindert:<\/p>\n<p><a href=\u201cjavascript:gaOptout()\u201c>Deactivate Google Analytics<\/a><\/p>\n\n<p><strong>Google Analytics via Browser Plug-in deaktivieren<\/strong><\/p>\n\n<p>Nutzer, die \u00fcber Desktop auf die Website zugreifen, k\u00f6nnen ein Browser-Plug-in (Add-on) installieren, das die Speicherung Ihrer Daten verhindert und ein Opt-out-Cookie setzt: <a href=\"https:\/\/tools.google.com\/dlpage\/gaoptout?hl=de\">https:\/\/tools.google.com\/dlpage\/gaoptout?hl=de<\/a><\/p>\n\n<p><strong>Cookies via Browser Plug-in deaktivieren<\/strong><\/p>\n\n<p>Dar\u00fcber hinaus bieten die verschiedenen Browser unterschiedliche Methoden zum Blockieren und L\u00f6schen von Cookies, die von Websites verwendet werden. Sie k\u00f6nnen die Einstellungen Ihres Browsers \u00e4ndern, um die Cookies zu blockieren\/l\u00f6schen. Nachstehend finden Sie die Links zu den Support-Dokumenten f\u00fcr die Verwaltung und L\u00f6schung von Cookies in den wichtigsten Webbrowsern.<\/p>\n\n<p>Chrome:\u00a0<a href=\"https:\/\/support.google.com\/accounts\/answer\/32050\" target=\"_blank\" rel=\"noreferrer noopener\">https:\/\/support.google.com\/accounts\/answer\/32050<\/a><\/p>\n\n<p>Safari:\u00a0<a href=\"https:\/\/support.apple.com\/en-in\/guide\/safari\/sfri11471\/mac\" target=\"_blank\" rel=\"noreferrer noopener\">https:\/\/support.apple.com\/en-in\/guide\/safari\/sfri11471\/mac<\/a><\/p>\n\n<p>Firefox:\u00a0<a href=\"https:\/\/support.mozilla.org\/en-US\/kb\/clear-cookies-and-site-data-firefox?redirectslug=delete-cookies-remove-info-websites-stored&amp;redirectlocale=en-US\" target=\"_blank\" rel=\"noreferrer noopener\">https:\/\/support.mozilla.org\/en-US\/kb\/clear-cookies-and-site-data-firefox?redirectslug=delete-cookies-remove-info-websites-stored&amp;redirectlocale=en-US<\/a><\/p>\n\n<p>Internet Explorer:\u00a0<a href=\"https:\/\/support.microsoft.com\/en-us\/topic\/how-to-delete-cookie-files-in-internet-explorer-bca9446f-d873-78de-77ba-d42645fa52fc\" target=\"_blank\" rel=\"noreferrer noopener\">https:\/\/support.microsoft.com\/en-us\/topic\/how-to-delete-cookie-files-in-internet-explorer-bca9446f-d873-78de-77ba-d42645fa52fc<\/a><\/p>\n\n<p>If you are using any other web browser, please visit your browser\u2019s official support documents.<\/p>\n\n<p><\/p>\n","protected":false},"excerpt":{"rendered":"<p>Cookie Richtlinie Letzte Aktualisierung: 19-Sep-2024 Was sind Cookies? In dieser Cookie-Richtlinie wird erkl\u00e4rt, was Cookies sind und wie wir sie verwenden, welche Arten von Cookies wir verwenden, welche Informationen wir mit Hilfe von Cookies sammeln und wie diese Informationen verwendet werden, und wie Sie die <a class=\"read-more\" href=\"https:\/\/startfinance-now.com\/de\/cookie-policy\/\">Continue reading <span class=\"meta-nav\">&rarr;<\/span><\/a><\/p>\n","protected":false},"author":1,"featured_media":0,"parent":0,"menu_order":99,"comment_status":"closed","ping_status":"closed","template":"","meta":{"inline_featured_image":false,"footnotes":""},"class_list":["post-811","page","type-page","status-publish","hentry"],"yoast_head":"<!-- This site is optimized with the Yoast SEO plugin v27.0 - https:\/\/yoast.com\/product\/yoast-seo-wordpress\/ -->\n<title>Cookie Richtlinie - Start Finance Now<\/title>\n<meta name=\"robots\" content=\"index, follow, max-snippet:-1, max-image-preview:large, max-video-preview:-1\" \/>\n<link rel=\"canonical\" href=\"https:\/\/startfinance-now.com\/de\/cookie-policy\/\" \/>\n<meta property=\"og:locale\" content=\"de_DE\" \/>\n<meta property=\"og:type\" content=\"article\" \/>\n<meta property=\"og:title\" content=\"Cookie Richtlinie - Start Finance Now\" \/>\n<meta property=\"og:description\" content=\"Cookie Richtlinie Letzte Aktualisierung: 19-Sep-2024 Was sind Cookies? In dieser Cookie-Richtlinie wird erkl\u00e4rt, was Cookies sind und wie wir sie verwenden, welche Arten von Cookies wir verwenden, welche Informationen wir mit Hilfe von Cookies sammeln und wie diese Informationen verwendet werden, und wie Sie die Continue reading &rarr;\" \/>\n<meta property=\"og:url\" content=\"https:\/\/startfinance-now.com\/de\/cookie-policy\/\" \/>\n<meta property=\"og:site_name\" content=\"Start Finance Now\" \/>\n<meta property=\"article:modified_time\" content=\"2024-09-20T03:32:16+00:00\" \/>\n<meta name=\"twitter:card\" content=\"summary_large_image\" \/>\n<meta name=\"twitter:label1\" content=\"Est. reading time\" \/>\n\t<meta name=\"twitter:data1\" content=\"2 minutes\" \/>\n<script type=\"application\/ld+json\" class=\"yoast-schema-graph\">{\"@context\":\"https:\/\/schema.org\",\"@graph\":[{\"@type\":\"WebPage\",\"@id\":\"https:\/\/startfinance-now.com\/de\/cookie-policy\/\",\"url\":\"https:\/\/startfinance-now.com\/de\/cookie-policy\/\",\"name\":\"Cookie Richtlinie - Start Finance Now\",\"isPartOf\":{\"@id\":\"https:\/\/startfinance-now.com\/#website\"},\"datePublished\":\"2020-11-30T16:14:53+00:00\",\"dateModified\":\"2024-09-20T03:32:16+00:00\",\"breadcrumb\":{\"@id\":\"https:\/\/startfinance-now.com\/de\/cookie-policy\/#breadcrumb\"},\"inLanguage\":\"de-DE\",\"potentialAction\":[{\"@type\":\"ReadAction\",\"target\":[\"https:\/\/startfinance-now.com\/de\/cookie-policy\/\"]}]},{\"@type\":\"BreadcrumbList\",\"@id\":\"https:\/\/startfinance-now.com\/de\/cookie-policy\/#breadcrumb\",\"itemListElement\":[{\"@type\":\"ListItem\",\"position\":1,\"name\":\"Home\",\"item\":\"https:\/\/startfinance-now.com\/de\/\"},{\"@type\":\"ListItem\",\"position\":2,\"name\":\"Cookie Richtlinie\"}]},{\"@type\":\"WebSite\",\"@id\":\"https:\/\/startfinance-now.com\/#website\",\"url\":\"https:\/\/startfinance-now.com\/\",\"name\":\"Start Finance Now\",\"description\":\"Financial coaching for start-ups and SMEs\",\"potentialAction\":[{\"@type\":\"SearchAction\",\"target\":{\"@type\":\"EntryPoint\",\"urlTemplate\":\"https:\/\/startfinance-now.com\/?s={search_term_string}\"},\"query-input\":{\"@type\":\"PropertyValueSpecification\",\"valueRequired\":true,\"valueName\":\"search_term_string\"}}],\"inLanguage\":\"de-DE\"}]}<\/script>\n<!-- \/ Yoast SEO plugin. -->","yoast_head_json":{"title":"Cookie Richtlinie - Start Finance Now","robots":{"index":"index","follow":"follow","max-snippet":"max-snippet:-1","max-image-preview":"max-image-preview:large","max-video-preview":"max-video-preview:-1"},"canonical":"https:\/\/startfinance-now.com\/de\/cookie-policy\/","og_locale":"de_DE","og_type":"article","og_title":"Cookie Richtlinie - Start Finance Now","og_description":"Cookie Richtlinie Letzte Aktualisierung: 19-Sep-2024 Was sind Cookies? In dieser Cookie-Richtlinie wird erkl\u00e4rt, was Cookies sind und wie wir sie verwenden, welche Arten von Cookies wir verwenden, welche Informationen wir mit Hilfe von Cookies sammeln und wie diese Informationen verwendet werden, und wie Sie die Continue reading &rarr;","og_url":"https:\/\/startfinance-now.com\/de\/cookie-policy\/","og_site_name":"Start Finance Now","article_modified_time":"2024-09-20T03:32:16+00:00","twitter_card":"summary_large_image","twitter_misc":{"Est. reading time":"2 minutes"},"schema":{"@context":"https:\/\/schema.org","@graph":[{"@type":"WebPage","@id":"https:\/\/startfinance-now.com\/de\/cookie-policy\/","url":"https:\/\/startfinance-now.com\/de\/cookie-policy\/","name":"Cookie Richtlinie - Start Finance Now","isPartOf":{"@id":"https:\/\/startfinance-now.com\/#website"},"datePublished":"2020-11-30T16:14:53+00:00","dateModified":"2024-09-20T03:32:16+00:00","breadcrumb":{"@id":"https:\/\/startfinance-now.com\/de\/cookie-policy\/#breadcrumb"},"inLanguage":"de-DE","potentialAction":[{"@type":"ReadAction","target":["https:\/\/startfinance-now.com\/de\/cookie-policy\/"]}]},{"@type":"BreadcrumbList","@id":"https:\/\/startfinance-now.com\/de\/cookie-policy\/#breadcrumb","itemListElement":[{"@type":"ListItem","position":1,"name":"Home","item":"https:\/\/startfinance-now.com\/de\/"},{"@type":"ListItem","position":2,"name":"Cookie Richtlinie"}]},{"@type":"WebSite","@id":"https:\/\/startfinance-now.com\/#website","url":"https:\/\/startfinance-now.com\/","name":"Start Finance Now","description":"Financial coaching for start-ups and SMEs","potentialAction":[{"@type":"SearchAction","target":{"@type":"EntryPoint","urlTemplate":"https:\/\/startfinance-now.com\/?s={search_term_string}"},"query-input":{"@type":"PropertyValueSpecification","valueRequired":true,"valueName":"search_term_string"}}],"inLanguage":"de-DE"}]}},"_links":{"self":[{"href":"https:\/\/startfinance-now.com\/de\/wp-json\/wp\/v2\/pages\/811","targetHints":{"allow":["GET"]}}],"collection":[{"href":"https:\/\/startfinance-now.com\/de\/wp-json\/wp\/v2\/pages"}],"about":[{"href":"https:\/\/startfinance-now.com\/de\/wp-json\/wp\/v2\/types\/page"}],"author":[{"embeddable":true,"href":"https:\/\/startfinance-now.com\/de\/wp-json\/wp\/v2\/users\/1"}],"replies":[{"embeddable":true,"href":"https:\/\/startfinance-now.com\/de\/wp-json\/wp\/v2\/comments?post=811"}],"version-history":[{"count":14,"href":"https:\/\/startfinance-now.com\/de\/wp-json\/wp\/v2\/pages\/811\/revisions"}],"predecessor-version":[{"id":1597,"href":"https:\/\/startfinance-now.com\/de\/wp-json\/wp\/v2\/pages\/811\/revisions\/1597"}],"wp:attachment":[{"href":"https:\/\/startfinance-now.com\/de\/wp-json\/wp\/v2\/media?parent=811"}],"curies":[{"name":"wp","href":"https:\/\/api.w.org\/{rel}","templated":true}]}}