{"id":791,"date":"2023-05-22T09:59:46","date_gmt":"2023-05-22T07:59:46","guid":{"rendered":"https:\/\/startfinance-now.com\/impressum\/"},"modified":"2023-05-22T12:04:17","modified_gmt":"2023-05-22T10:04:17","slug":"impressum","status":"publish","type":"page","link":"https:\/\/startfinance-now.com\/de\/impressum\/","title":{"rendered":"Impressum"},"content":{"rendered":"\n<h1 class=\"wp-block-heading\">Impressum<\/h1>\n\n<p>Angaben gem\u00e4\u00df \u00a75 TMG:<br\/>Starten Sie jetzt mit der Finanzierung<br\/>Jana Ludwig-Martyushev<br\/>Pfalzburger Str. 65<br\/>10719 Berlin<\/p>\n\n<p>KONTAKT:<\/p>\n\n<p>E-Mail: jana@startfinance-now.com<br\/>Tel: +49 15157878475<br\/>USt.-ID: DE337853567<\/p>\n\n<p>WEBSEITE<br\/><a href=\"http:\/\/www.rubinstein.consulting\/\">Rubinstein Digital Consulting<\/a><\/p>\n\n<p><strong>\u200bHAFTUNGSAUSSCHLUSS (HAFTUNGSAUSSCHLUSS)<\/strong><\/p>\n\n<p><strong>\u200bHAFTUNG F\u00dcR INHALTE<\/strong><br\/>Als Diensteanbieter sind wir gem\u00e4\u00df \u00a7 7 Abs.1 TMG f\u00fcr eigene Inhalte auf diesen Seiten nach den allgemeinen Gesetzen verantwortlich. Nach \u00a7\u00a7 8 bis 10 TMG sind wir als Diensteanbieter jedoch nicht verpflichtet, \u00fcbermittelte oder gespeicherte fremde Informationen zu \u00fcberwachen oder nach Umst\u00e4nden zu forschen, sterben auf eine rechtswidrige T\u00e4tigkeit hervorzuheben. Verpflichtungen zur Entfernung oder Sperrung der Nutzung von Informationen nach den allgemeinen Gesetzen bleiben hiervon unber\u00fchrt. Eine diesbez\u00fcgliche Haftung ist jedoch erst ab dem Zeitpunkt der Kenntnis einer konkreten Rechtsverletzung m\u00f6glich. Bei Bekanntwerden von Rechtsverletzungen werden wir diese Inhalte umgehend entfernen.<\/p>\n\n<p><strong>HAFTUNG F\u00dcR LINKS<\/strong><br\/>Unser Angebot enth\u00e4lt Links zu externen Webseiten Dritter, auf deren Inhalte wir keinen Einfluss haben. Deshalb can wir f\u00fcr diese fremden Inhalte auch keine Gew\u00e4hr \u00fcbernehmen. F\u00fcr die Inhalte der verlinkten Seiten ist stets der jeweilige Anbieter oder Betreiber der Seiten verantwortlich. Die verlinkten Seiten wurden zum Zeitpunkt der Verlinkung auf m\u00f6gliche Rechtsverst\u00f6\u00dfe \u00fcberpr\u00fcft. Rechtswidrige Inhalte waren zum Zeitpunkt der Verlinkung nicht erkennbar. Eine permanente inhaltliche Kontrolle der verlinkten Seiten ist jedoch ohne konkrete Anhaltspunkte einer Rechtsverletzung nicht zumutbar. Bei Bekanntwerden von Rechtsverletzungen werden solche Links bevorzugt entfernt.<\/p>\n\n<p><strong>URHEBERRECHT<\/strong><br\/>Die durch die Seitenbetreiber erstellten Inhalte und Werke auf diesen Seiten unterliegen dem deutschen Urheberrecht. Die Vervielf\u00e4ltigung, Bearbeitung, Verbreitung und jede Art der Verwertung au\u00dferhalb der Grenzen des Urheberrechtes bedarf der schriftlichen Zustimmung des jeweiligen Autors bzw. Erstellers. Downloads und Kopien dieser Seite sind nur f\u00fcr den privaten, nicht kommerziellen Gebrauch gestattet. Also sterben Inhalte auf dieser Seite Nicht vom Betreiber Erstellt wurden, Werden sterben Urheberrechte Dritter beachtet. Inhalte Dritter werden als solche gekennzeichnet. Sollten SIE trotzdem auf eine Urheberrechtsverletzung aufmerksam werden, gebissen wir um einen entsprechenden Hinweis. Bei Bekanntwerden von Rechtsverletzungen werden solche Inhalte direkt entfernt.<\/p>\n","protected":false},"excerpt":{"rendered":"<p>Impressum Angaben gem\u00e4\u00df \u00a75 TMG:Starten Sie jetzt mit der FinanzierungJana Ludwig-MartyushevPfalzburger Str. 6510719 Berlin KONTAKT: E-Mail: jana@startfinance-now.comTel: +49 15157878475USt.-ID: DE337853567 WEBSEITERubinstein Digital Consulting \u200bHAFTUNGSAUSSCHLUSS (HAFTUNGSAUSSCHLUSS) \u200bHAFTUNG F\u00dcR INHALTEAls Diensteanbieter sind wir gem\u00e4\u00df \u00a7 7 Abs.1 TMG f\u00fcr eigene Inhalte auf diesen Seiten nach den allgemeinen <a class=\"read-more\" href=\"https:\/\/startfinance-now.com\/de\/impressum\/\">Continue reading <span class=\"meta-nav\">&rarr;<\/span><\/a><\/p>\n","protected":false},"author":1,"featured_media":0,"parent":0,"menu_order":99,"comment_status":"closed","ping_status":"closed","template":"","meta":{"inline_featured_image":false,"footnotes":""},"class_list":["post-791","page","type-page","status-publish","hentry"],"yoast_head":"<!-- This site is optimized with the Yoast SEO plugin v27.0 - https:\/\/yoast.com\/product\/yoast-seo-wordpress\/ -->\n<title>Impressum - Start Finance Now<\/title>\n<meta name=\"robots\" content=\"index, follow, max-snippet:-1, max-image-preview:large, max-video-preview:-1\" \/>\n<link rel=\"canonical\" href=\"https:\/\/startfinance-now.com\/de\/impressum\/\" \/>\n<meta property=\"og:locale\" content=\"de_DE\" \/>\n<meta property=\"og:type\" content=\"article\" \/>\n<meta property=\"og:title\" content=\"Impressum - Start Finance Now\" \/>\n<meta property=\"og:description\" content=\"Impressum Angaben gem\u00e4\u00df \u00a75 TMG:Starten Sie jetzt mit der FinanzierungJana Ludwig-MartyushevPfalzburger Str. 6510719 Berlin KONTAKT: E-Mail: jana@startfinance-now.comTel: +49 15157878475USt.-ID: DE337853567 WEBSEITERubinstein Digital Consulting \u200bHAFTUNGSAUSSCHLUSS (HAFTUNGSAUSSCHLUSS) \u200bHAFTUNG F\u00dcR INHALTEAls Diensteanbieter sind wir gem\u00e4\u00df \u00a7 7 Abs.1 TMG f\u00fcr eigene Inhalte auf diesen Seiten nach den allgemeinen Continue reading &rarr;\" \/>\n<meta property=\"og:url\" content=\"https:\/\/startfinance-now.com\/de\/impressum\/\" \/>\n<meta property=\"og:site_name\" content=\"Start Finance Now\" \/>\n<meta property=\"article:modified_time\" content=\"2023-05-22T10:04:17+00:00\" \/>\n<meta name=\"twitter:card\" content=\"summary_large_image\" \/>\n<meta name=\"twitter:label1\" content=\"Est. reading time\" \/>\n\t<meta name=\"twitter:data1\" content=\"2 minutes\" \/>\n<script type=\"application\/ld+json\" class=\"yoast-schema-graph\">{\"@context\":\"https:\/\/schema.org\",\"@graph\":[{\"@type\":\"WebPage\",\"@id\":\"https:\/\/startfinance-now.com\/de\/impressum\/\",\"url\":\"https:\/\/startfinance-now.com\/de\/impressum\/\",\"name\":\"Impressum - Start Finance Now\",\"isPartOf\":{\"@id\":\"https:\/\/startfinance-now.com\/#website\"},\"datePublished\":\"2023-05-22T07:59:46+00:00\",\"dateModified\":\"2023-05-22T10:04:17+00:00\",\"breadcrumb\":{\"@id\":\"https:\/\/startfinance-now.com\/de\/impressum\/#breadcrumb\"},\"inLanguage\":\"de-DE\",\"potentialAction\":[{\"@type\":\"ReadAction\",\"target\":[\"https:\/\/startfinance-now.com\/de\/impressum\/\"]}]},{\"@type\":\"BreadcrumbList\",\"@id\":\"https:\/\/startfinance-now.com\/de\/impressum\/#breadcrumb\",\"itemListElement\":[{\"@type\":\"ListItem\",\"position\":1,\"name\":\"Home\",\"item\":\"https:\/\/startfinance-now.com\/de\/\"},{\"@type\":\"ListItem\",\"position\":2,\"name\":\"Impressum\"}]},{\"@type\":\"WebSite\",\"@id\":\"https:\/\/startfinance-now.com\/#website\",\"url\":\"https:\/\/startfinance-now.com\/\",\"name\":\"Start Finance Now\",\"description\":\"Financial coaching for start-ups and SMEs\",\"potentialAction\":[{\"@type\":\"SearchAction\",\"target\":{\"@type\":\"EntryPoint\",\"urlTemplate\":\"https:\/\/startfinance-now.com\/?s={search_term_string}\"},\"query-input\":{\"@type\":\"PropertyValueSpecification\",\"valueRequired\":true,\"valueName\":\"search_term_string\"}}],\"inLanguage\":\"de-DE\"}]}<\/script>\n<!-- \/ Yoast SEO plugin. -->","yoast_head_json":{"title":"Impressum - Start Finance Now","robots":{"index":"index","follow":"follow","max-snippet":"max-snippet:-1","max-image-preview":"max-image-preview:large","max-video-preview":"max-video-preview:-1"},"canonical":"https:\/\/startfinance-now.com\/de\/impressum\/","og_locale":"de_DE","og_type":"article","og_title":"Impressum - Start Finance Now","og_description":"Impressum Angaben gem\u00e4\u00df \u00a75 TMG:Starten Sie jetzt mit der FinanzierungJana Ludwig-MartyushevPfalzburger Str. 6510719 Berlin KONTAKT: E-Mail: jana@startfinance-now.comTel: +49 15157878475USt.-ID: DE337853567 WEBSEITERubinstein Digital Consulting \u200bHAFTUNGSAUSSCHLUSS (HAFTUNGSAUSSCHLUSS) \u200bHAFTUNG F\u00dcR INHALTEAls Diensteanbieter sind wir gem\u00e4\u00df \u00a7 7 Abs.1 TMG f\u00fcr eigene Inhalte auf diesen Seiten nach den allgemeinen Continue reading &rarr;","og_url":"https:\/\/startfinance-now.com\/de\/impressum\/","og_site_name":"Start Finance Now","article_modified_time":"2023-05-22T10:04:17+00:00","twitter_card":"summary_large_image","twitter_misc":{"Est. reading time":"2 minutes"},"schema":{"@context":"https:\/\/schema.org","@graph":[{"@type":"WebPage","@id":"https:\/\/startfinance-now.com\/de\/impressum\/","url":"https:\/\/startfinance-now.com\/de\/impressum\/","name":"Impressum - Start Finance Now","isPartOf":{"@id":"https:\/\/startfinance-now.com\/#website"},"datePublished":"2023-05-22T07:59:46+00:00","dateModified":"2023-05-22T10:04:17+00:00","breadcrumb":{"@id":"https:\/\/startfinance-now.com\/de\/impressum\/#breadcrumb"},"inLanguage":"de-DE","potentialAction":[{"@type":"ReadAction","target":["https:\/\/startfinance-now.com\/de\/impressum\/"]}]},{"@type":"BreadcrumbList","@id":"https:\/\/startfinance-now.com\/de\/impressum\/#breadcrumb","itemListElement":[{"@type":"ListItem","position":1,"name":"Home","item":"https:\/\/startfinance-now.com\/de\/"},{"@type":"ListItem","position":2,"name":"Impressum"}]},{"@type":"WebSite","@id":"https:\/\/startfinance-now.com\/#website","url":"https:\/\/startfinance-now.com\/","name":"Start Finance Now","description":"Financial coaching for start-ups and SMEs","potentialAction":[{"@type":"SearchAction","target":{"@type":"EntryPoint","urlTemplate":"https:\/\/startfinance-now.com\/?s={search_term_string}"},"query-input":{"@type":"PropertyValueSpecification","valueRequired":true,"valueName":"search_term_string"}}],"inLanguage":"de-DE"}]}},"_links":{"self":[{"href":"https:\/\/startfinance-now.com\/de\/wp-json\/wp\/v2\/pages\/791","targetHints":{"allow":["GET"]}}],"collection":[{"href":"https:\/\/startfinance-now.com\/de\/wp-json\/wp\/v2\/pages"}],"about":[{"href":"https:\/\/startfinance-now.com\/de\/wp-json\/wp\/v2\/types\/page"}],"author":[{"embeddable":true,"href":"https:\/\/startfinance-now.com\/de\/wp-json\/wp\/v2\/users\/1"}],"replies":[{"embeddable":true,"href":"https:\/\/startfinance-now.com\/de\/wp-json\/wp\/v2\/comments?post=791"}],"version-history":[{"count":17,"href":"https:\/\/startfinance-now.com\/de\/wp-json\/wp\/v2\/pages\/791\/revisions"}],"predecessor-version":[{"id":810,"href":"https:\/\/startfinance-now.com\/de\/wp-json\/wp\/v2\/pages\/791\/revisions\/810"}],"wp:attachment":[{"href":"https:\/\/startfinance-now.com\/de\/wp-json\/wp\/v2\/media?parent=791"}],"curies":[{"name":"wp","href":"https:\/\/api.w.org\/{rel}","templated":true}]}}