{"id":789,"date":"2020-11-30T17:09:56","date_gmt":"2020-11-30T16:09:56","guid":{"rendered":"https:\/\/startfinance-now.com\/datenschutzerklaerung\/"},"modified":"2023-05-24T12:01:00","modified_gmt":"2023-05-24T10:01:00","slug":"datenschutzerklaerung","status":"publish","type":"page","link":"https:\/\/startfinance-now.com\/de\/datenschutzerklaerung\/","title":{"rendered":"Datenschutzerkl\u00e4rung"},"content":{"rendered":"\n<h2 class=\"wp-block-heading\">Datenschutzerkl\u00e4rung<\/h2>\n\n<p>Diese Datenschutzerkl\u00e4rung beschreibt die Erfassung und Verwendung Deiner pers\u00f6nlichen Daten im Zusammenhang mit der Nutzung meiner Website. Weitere Dienste k\u00f6nnen erg\u00e4nzende Datenschutzhinweise mit anderen Inhalten beinhalten.<\/p>\n\n<p><strong>Verantwortlicher<\/strong><\/p>\n\n<p>\u200bDie Verarbeitung Deiner personenbezogenen Daten erfolgt durch<\/p>\n\n<p>\u200bStart Finance Now<br\/>Jana Ludwig-Martyushev (\u201eIch\u201c)<br\/>Pfalzburger Str. 65<br\/>10719 Berlin<br\/>EMAIL: jana[at]startfinance-now.com<\/p>\n\n<p>\u200b<strong>Betroffenenrechte und Aufsichtsbeh\u00f6rde<\/strong>\u200b<\/p>\n\n<p>Du kannst die folgenden Rechte aus\u00fcben:<\/p>\n\n<ul class=\"wp-block-list\">\n<li>\u200bAuskunft \u00fcber Deine bei mir gespeicherten Daten und deren Verarbeitung (Art. 15 DSGVO), <\/li>\n\n\n\n<li>Berichtigung unrichtiger Personendaten (Art. 16 DSGVO), <\/li>\n\n\n\n<li>L\u00f6schung Deiner bei mir gespeicherten Daten (Art. 17 DSGVO), <\/li>\n\n\n\n<li>Einschr\u00e4nkung der Datenverarbeitung, wenn ich Deine Daten aufgrund gesetzlicher Verpflichtungen noch nicht l\u00f6schen darf (Art. 18 DSGVO), <\/li>\n\n\n\n<li>Portabilit\u00e4t der Daten, wenn Du in die Datenverarbeitung eingewilligst oder einen Vertrag mit mir abgeschlossen hast (Art. 20 DSGVO), <\/li>\n<\/ul>\n\n<p>\u200bWiderspruch gegen die Verarbeitung Deiner Daten durch mich (Art. 21 DSGVO)<\/p>\n\n<p>\u200bDu kannst jederzeit eine Beschwerde bei einer Aufsichtsbeh\u00f6rde einreichen, z.B. bei der zust\u00e4ndigen Aufsichtsbeh\u00f6rde des Bundeslandes, in dem Du wohnst, oder bei der f\u00fcr mich zust\u00e4ndigen Beh\u00f6rde. Unter dem folgenden Link findest Du alle Aufsichtsbeh\u00f6rden f\u00fcr Deutschland f\u00fcr nicht-\u00f6ffentliche Stellen:<\/p>\n\n<p>\u200b<a href=\"https:\/\/www.bfdi.bund.de\/DE\/Infothek\/Anschriften_Links\/anschriften_links-node.html\">https:\/\/www.bfdi.bund.de\/DE\/Infothek\/Anschriften_Links\/anschriften_links-node.html<\/a><\/p>\n\n<p>\u200b<strong>Rechtliche Grundlagen der Datenverarbeitungen<\/strong><\/p>\n\n<p>\u200bDie rechtliche Grundlage aller unserer Verarbeitungst\u00e4tigkeiten beruht auf Art. 6 Abs. 1 DSGVO.<\/p>\n\n<p>\u200b<strong>Insbesondere werden Deine Daten auf folgenden Grundlagen verarbeitet:<\/strong><\/p>\n\n<ul class=\"wp-block-list\">\n<li>\u200b6 Abs. 1 lit. a) DSGVO \u2013 Deine Einwilligung \u2013 wenn Du mir Deine Einwilligung erteilt hast, kannst Du diese jederzeit mit Wirkung f\u00fcr die Zukunft widerrufen <\/li>\n\n\n\n<li>6 Abs. 1 lit. b) DSGVO \u2013 Erf\u00fcllung eines Vertrages oder vorvertragliche Ma\u00dfnahmen <\/li>\n\n\n\n<li>6 Abs. 1 lit. c) DSGVO \u2013 Einhaltung der gesetzlichen Verpflichtungen <\/li>\n\n\n\n<li>6 Abs. 1 lit. f) DSGVO \u2013 Berechtigte Interessen <\/li>\n<\/ul>\n\n<p><strong>Dauer der Speicherung<\/strong><\/p>\n\n<p>Wenn die Speicherdauer nicht weiter unten angegeben ist, werden Deine personenbezogenen Daten gel\u00f6scht oder gesperrt, sobald der Zweck oder die Rechtsgrundlage f\u00fcr die Speicherung wegf\u00e4llt. Eine L\u00f6schung personenbezogener Daten erfolgt nicht, wenn die Speicherung gesetzlich vorgeschrieben ist (z.B. \u00a7 257 HGB, 147 AO) und im Falle eines m\u00f6glichen Rechtsstreits.\u200b<\/p>\n\n<p><strong>Datensicherheit<\/strong><\/p>\n\n<p>\u200bUm die Sicherheit Deiner Daten w\u00e4hrend der \u00dcbertragung zu sch\u00fctzen, setze ich technische und organisatorische Sicherheitsma\u00dfnahmen ein, insbesondere die Verschl\u00fcsselung meiner Website, um den unberechtigten Zugriff Dritter zu verhindern. Meine Sicherheitsma\u00dfnahmen werden entsprechend der technologischen Entwicklung fortlaufend verbessert und angepasst.<\/p>\n\n<p>\u200b<strong>\u00dcbermittlung an Dienstanbieter<\/strong><\/p>\n\n<p>\u200bF\u00fcr die Bereitstellung meiner Angebote nutzen ich Dienstleister. Diese Dienstleister handeln nur nach meinen Weisungen und sind vertraglich verpflichtet, die Bestimmungen von Art. 28 DSGVO zu beachten. Wenn im Folgenden nicht weiter spezifiziert, werden die Dienstleister f\u00fcr folgende Dienstleistungen beauftragt:<\/p>\n\n<ul class=\"wp-block-list\">\n<li>\u200bWartung von IT-Systemen und zugeh\u00f6rigen Dienstleistungen <\/li>\n\n\n\n<li>Abwicklung und Verwaltung von Anfragen <\/li>\n<\/ul>\n\n<p><strong>Verpflichtung zur Datenbereitstellung<\/strong><\/p>\n\n<p>\u200bEs besteht keine gesetzliche oder vertragliche Verpflichtung, mir Daten zur Verf\u00fcgung zu stellen.<\/p>\n\n<p><strong>Server-Hosting<\/strong><\/p>\n\n<p>\u200bZweck der Verarbeitung:<\/p>\n\n<p>\u200bWenn Du auf meine Website zugreifst, werden automatisch Informationen allgemeiner Natur erfasst. Zu diesen Informationen, die als Server-Logdateien bezeichnet werden, geh\u00f6ren:\u200b<\/p>\n\n<ul class=\"wp-block-list\">\n<li>IP-Adresse <\/li>\n\n\n\n<li>Name des Zugangsanbieters <\/li>\n\n\n\n<li>Browser-Typ, Version der Browser-Software und Sprache des Browsers <\/li>\n\n\n\n<li>Betriebssystem <\/li>\n\n\n\n<li>Datum und Uhrzeit des Zugriffs <\/li>\n\n\n\n<li>Inhalt des Zugangs <\/li>\n\n\n\n<li>Menge der \u00fcbertragenen Daten <\/li>\n\n\n\n<li>Zugriffsstatus (erfolgreiche \u00dcbertragung\/Fehler) <\/li>\n\n\n\n<li>Website(s), auf die der Zugriff weitergeleitet wurde <\/li>\n\n\n\n<li>Besuchte Webseiten <\/li>\n<\/ul>\n\n<p>Die Verarbeitung erfolgt f\u00fcr folgende Zwecke:<\/p>\n\n<ul class=\"wp-block-list\">\n<li>\u200bGew\u00e4hrleistung einer st\u00f6rungsfreien Verbindung zur Website <\/li>\n\n\n\n<li>Gew\u00e4hrleistung einer reibungslosen Nutzung mirerer Website <\/li>\n\n\n\n<li>Bewertung der Systemsicherheit und -stabilit\u00e4t <\/li>\n\n\n\n<li>Google Analytics: <\/li>\n<\/ul>\n\n<p>Diese Website benutzt Google Analytics, einen Webanalysedienst der Google Inc. (&#8221;Google&#8221;). Google Analytics verwendet sog. &#8221;Cookies&#8221;, Textdateien, die auf Deinem Computer gespeichert werden und die eine Analyse der Benutzung der Website durch Dich erm\u00f6glicht. Die durch den Cookie erzeugten Informationen \u00fcber Deine Benutzung dieser Website (einschlie\u00dflich Deiner IP-Adresse) wird an einen Server von Google in den USA \u00fcbertragen und dort gespeichert. Google wird diese Informationen benutzen, um Deine Nutzung der Website auszuwerten, um Reports \u00fcber die Websiteaktivit\u00e4ten f\u00fcr die Websitebetreiber zusammenzustellen und um weitere mit der Websitenutzung und der Internetnutzung verbundene Dienstleistungen zu erbringen. Auch wird Google diese Informationen gegebenenfalls an Dritte \u00fcbertragen, sofern dies gesetzlich vorgeschrieben oder soweit Dritte diese Daten im Auftrag von Google verarbeiten. Google wird in keinem Fall Deine IP-Adresse mit anderen Daten der Google in Verbindung bringen. Du kannst die Installation der Cookies durch eine entsprechende Einstellung Deiner Browser Software verhindern; ich weise Dich jedoch darauf hin, dass Du in diesem Fall gegebenenfalls nicht s\u00e4mtliche Funktionen dieser Website voll umf\u00e4nglich nutzen kannst. Durch die Nutzung dieser Website erkl\u00e4rst Du Dich mit der Bearbeitung der \u00fcber Dich erhobenen Daten durch Google in der zuvor beschriebenen Art und Weise und zu dem zuvor benannten Zweck einverstanden.<\/p>\n\n<p>\u200bRechtliche Grundlage:<\/p>\n\n<p>\u200bDie Verarbeitung erfolgt gem\u00e4\u00df Art. 6 Abs. 1 lit. f DSGVO aufgrund meines berechtigten Interesses, die Website zu hosten und die Sicherheit, Stabilit\u00e4t und Funktionalit\u00e4t der Website zu verbessern und zu \u00fcberwachen.<\/p>\n\n<p>\u200bEmpf\u00e4nger:<\/p>\n\n<p>\u200bEmpf\u00e4nger der Daten sind technische Dienstleister, die f\u00fcr den Betrieb und die Wartung meiner Website verantwortlich sind. Als Auftragsverarbeiter sind die Dienstleister verpflichtet, die Daten nur im Rahmen meiner Weisungen zu verarbeiten.<\/p>\n\n<p>\u200bAufbewahrungsfrist:<\/p>\n\n<p>\u200bDie Server-Logs werden innerhalb von einem Monat nach Erhebung gel\u00f6scht.<\/p>\n\n<p>\u200b<strong>E-Mail-Kontakt<\/strong><\/p>\n\n<p>\u200bZweck der Verarbeitung:<\/p>\n\n<p>\u200bIch biete Dir die M\u00f6glichkeit, direkt per E-Mail mit mir in Kontakt zu treten. Die von Dir eingegebenen und \u00fcbermittelten Daten werden ausschlie\u00dflich zum Zwecke der individuellen Kommunikation mit Dir verarbeitet. Ich werde Deine E-Mail-Adresse sowie alle Informationen, die Du mir im Rahmen der Kommunikation mitteilst, verarbeiten.<\/p>\n\n<p>\u200bRechtliche Grundlage:<\/p>\n\n<p>\u200bDie Bearbeitung von per E-Mail \u00fcbermittelten Daten beruht auf meinem berechtigten Interesse (Art. 6 Abs. 1 lit. f DSGVO) an einer effizienten und einfachen Kommunikation mit Dir. Je nach Art Deines Begehrens kann die Bearbeitung der per E-Mail \u00fcbermittelten Daten auch der Durchf\u00fchrung vorvertraglicher Ma\u00dfnahmen dienen (Art. 6 Abs. 1 lit. b DSGVO). Zudem k\u00f6nnen E-Mail-Daten auf der Grundlage Deiner Einwilligung verarbeitet werden (Art.6 Abs. 1 lit. a DSGVO).<\/p>\n\n<p>\u200bEmpf\u00e4nger:<\/p>\n\n<p>\u200bDie Empf\u00e4nger der Daten sind Auftragsverarbeiter. Als Auftragsverarbeiter sind die Dienstleister verpflichtet, die Daten nur im Rahmen meiner Weisungen zu verarbeiten.<\/p>\n\n<p>\u200bAufbewahrungsfrist:<\/p>\n\n<p>\u200bKommt nach der Kontaktaufnahme kein Nutzungsverh\u00e4ltnis zustande, werden Deine Daten sp\u00e4testens 6 Monate nach der letzten Kontaktaufnahme gel\u00f6scht. Kommt ein Vertragsverh\u00e4ltnis zustande, werden Deine Kontaktdaten so lange gespeichert, wie das Nutzungsverh\u00e4ltnis dauert. Sofern ich gesetzliche Aufbewahrungsfristen unterliege, werde ich diese einhalten und Deine Daten nach Ablauf der Fristen l\u00f6schen.\u200b<\/p>\n\n<p><strong>Kontaktformular<\/strong><\/p>\n\n<p>\u200bArt und Zweck der Verarbeitung:<\/p>\n\n<p>\u200bWenn Du mich kontaktieren willst, muss ich mit Dir im Rahmen der Gesch\u00e4ftsverbindung kommunizieren und daf\u00fcr Daten verarbeiten. Wenn Du mich anrufst oder eine Nachricht schickst, etwa \u00fcber das Kontaktformular (SSL-verschl\u00fcsselt) oder per E-Mail, ben\u00f6tige ich Deine E-Mail-Adresse oder eine Telefonnummer, wenn ich Dir antworten soll. Statt Deines Namens kannst Du auch ein Pseudonym verwenden. Diese Daten sowie Datum und Uhrzeit Deiner Kontaktaufnahme werde ich ausschlie\u00dflich zur Bearbeitung Deiner Anfrage verwenden.<\/p>\n\n<p>Ich verarbeite hierzu Deinen Namen und Deine E-Mail-Adresse, sowie ggf. Inhalte der Kundenbeziehung, bzw. Deiner Bestellung.<\/p>\n\n<p>\u200bRechtliche Grundlage:<\/p>\n\n<p>\u200bDer Versand transaktioneller E-Mail erfolgt im Rahmen der Erf\u00fcllung eines Vertrages (Art. 6 Abs. 1 b) DSGVO).<\/p>\n\n<p>\u200bEmpf\u00e4nger:<\/p>\n\n<p>\u200bDie Empf\u00e4nger der Daten sind Auftragsverarbeiter. Als Auftragsverarbeiter sind die Dienstleister verpflichtet, die Daten nur im Rahmen meiner Weisungen zu verarbeiten.<\/p>\n\n<p>\u200bAufbewahrungsfrist:<\/p>\n\n<p>\u200bDie Kommunikation mit Dir speichere ich gem\u00e4\u00df \u00a7 257 HGB und \u00a7 147 AO 10 Jahre, soweit dies gesetzlich vorgeschrieben ist und wird ansonsten gel\u00f6scht, sobald der jeweilige Zweck erf\u00fcllt ist.<\/p>\n\n<p>\u200b<strong>\u00c4nderungen der Datenschutzerkl\u00e4rung<\/strong><\/p>\n\n<p>\u200bIch behalten mir das Recht vor, diese Datenschutzerkl\u00e4rung anzupassen. Es gilt die jeweils aktuelle Version der Datenschutzerkl\u00e4rung.<\/p>\n","protected":false},"excerpt":{"rendered":"<p>Datenschutzerkl\u00e4rung Diese Datenschutzerkl\u00e4rung beschreibt die Erfassung und Verwendung Deiner pers\u00f6nlichen Daten im Zusammenhang mit der Nutzung meiner Website. Weitere Dienste k\u00f6nnen erg\u00e4nzende Datenschutzhinweise mit anderen Inhalten beinhalten. Verantwortlicher \u200bDie Verarbeitung Deiner personenbezogenen Daten erfolgt durch \u200bStart Finance NowJana Ludwig-Martyushev (\u201eIch\u201c)Pfalzburger Str. 6510719 BerlinEMAIL: jana[at]startfinance-now.com \u200bBetroffenenrechte <a class=\"read-more\" href=\"https:\/\/startfinance-now.com\/de\/datenschutzerklaerung\/\">Continue reading <span class=\"meta-nav\">&rarr;<\/span><\/a><\/p>\n","protected":false},"author":1,"featured_media":0,"parent":0,"menu_order":99,"comment_status":"closed","ping_status":"closed","template":"","meta":{"inline_featured_image":false,"footnotes":""},"class_list":["post-789","page","type-page","status-publish","hentry"],"yoast_head":"<!-- This site is optimized with the Yoast SEO plugin v27.0 - https:\/\/yoast.com\/product\/yoast-seo-wordpress\/ -->\n<title>Datenschutzerkl\u00e4rung - Start Finance Now<\/title>\n<meta name=\"robots\" content=\"index, follow, max-snippet:-1, max-image-preview:large, max-video-preview:-1\" \/>\n<link rel=\"canonical\" href=\"https:\/\/startfinance-now.com\/de\/datenschutzerklaerung\/\" \/>\n<meta property=\"og:locale\" content=\"de_DE\" \/>\n<meta property=\"og:type\" content=\"article\" \/>\n<meta property=\"og:title\" content=\"Datenschutzerkl\u00e4rung - Start Finance Now\" \/>\n<meta property=\"og:description\" content=\"Datenschutzerkl\u00e4rung Diese Datenschutzerkl\u00e4rung beschreibt die Erfassung und Verwendung Deiner pers\u00f6nlichen Daten im Zusammenhang mit der Nutzung meiner Website. Weitere Dienste k\u00f6nnen erg\u00e4nzende Datenschutzhinweise mit anderen Inhalten beinhalten. Verantwortlicher \u200bDie Verarbeitung Deiner personenbezogenen Daten erfolgt durch \u200bStart Finance NowJana Ludwig-Martyushev (\u201eIch\u201c)Pfalzburger Str. 6510719 BerlinEMAIL: jana[at]startfinance-now.com \u200bBetroffenenrechte Continue reading &rarr;\" \/>\n<meta property=\"og:url\" content=\"https:\/\/startfinance-now.com\/de\/datenschutzerklaerung\/\" \/>\n<meta property=\"og:site_name\" content=\"Start Finance Now\" \/>\n<meta property=\"article:modified_time\" content=\"2023-05-24T10:01:00+00:00\" \/>\n<meta name=\"twitter:card\" content=\"summary_large_image\" \/>\n<meta name=\"twitter:label1\" content=\"Est. reading time\" \/>\n\t<meta name=\"twitter:data1\" content=\"6 minutes\" \/>\n<script type=\"application\/ld+json\" class=\"yoast-schema-graph\">{\"@context\":\"https:\/\/schema.org\",\"@graph\":[{\"@type\":\"WebPage\",\"@id\":\"https:\/\/startfinance-now.com\/de\/datenschutzerklaerung\/\",\"url\":\"https:\/\/startfinance-now.com\/de\/datenschutzerklaerung\/\",\"name\":\"Datenschutzerkl\u00e4rung - Start Finance Now\",\"isPartOf\":{\"@id\":\"https:\/\/startfinance-now.com\/#website\"},\"datePublished\":\"2020-11-30T16:09:56+00:00\",\"dateModified\":\"2023-05-24T10:01:00+00:00\",\"breadcrumb\":{\"@id\":\"https:\/\/startfinance-now.com\/de\/datenschutzerklaerung\/#breadcrumb\"},\"inLanguage\":\"de-DE\",\"potentialAction\":[{\"@type\":\"ReadAction\",\"target\":[\"https:\/\/startfinance-now.com\/de\/datenschutzerklaerung\/\"]}]},{\"@type\":\"BreadcrumbList\",\"@id\":\"https:\/\/startfinance-now.com\/de\/datenschutzerklaerung\/#breadcrumb\",\"itemListElement\":[{\"@type\":\"ListItem\",\"position\":1,\"name\":\"Home\",\"item\":\"https:\/\/startfinance-now.com\/de\/\"},{\"@type\":\"ListItem\",\"position\":2,\"name\":\"Datenschutzerkl\u00e4rung\"}]},{\"@type\":\"WebSite\",\"@id\":\"https:\/\/startfinance-now.com\/#website\",\"url\":\"https:\/\/startfinance-now.com\/\",\"name\":\"Start Finance Now\",\"description\":\"Financial coaching for start-ups and SMEs\",\"potentialAction\":[{\"@type\":\"SearchAction\",\"target\":{\"@type\":\"EntryPoint\",\"urlTemplate\":\"https:\/\/startfinance-now.com\/?s={search_term_string}\"},\"query-input\":{\"@type\":\"PropertyValueSpecification\",\"valueRequired\":true,\"valueName\":\"search_term_string\"}}],\"inLanguage\":\"de-DE\"}]}<\/script>\n<!-- \/ Yoast SEO plugin. -->","yoast_head_json":{"title":"Datenschutzerkl\u00e4rung - Start Finance Now","robots":{"index":"index","follow":"follow","max-snippet":"max-snippet:-1","max-image-preview":"max-image-preview:large","max-video-preview":"max-video-preview:-1"},"canonical":"https:\/\/startfinance-now.com\/de\/datenschutzerklaerung\/","og_locale":"de_DE","og_type":"article","og_title":"Datenschutzerkl\u00e4rung - Start Finance Now","og_description":"Datenschutzerkl\u00e4rung Diese Datenschutzerkl\u00e4rung beschreibt die Erfassung und Verwendung Deiner pers\u00f6nlichen Daten im Zusammenhang mit der Nutzung meiner Website. Weitere Dienste k\u00f6nnen erg\u00e4nzende Datenschutzhinweise mit anderen Inhalten beinhalten. Verantwortlicher \u200bDie Verarbeitung Deiner personenbezogenen Daten erfolgt durch \u200bStart Finance NowJana Ludwig-Martyushev (\u201eIch\u201c)Pfalzburger Str. 6510719 BerlinEMAIL: jana[at]startfinance-now.com \u200bBetroffenenrechte Continue reading &rarr;","og_url":"https:\/\/startfinance-now.com\/de\/datenschutzerklaerung\/","og_site_name":"Start Finance Now","article_modified_time":"2023-05-24T10:01:00+00:00","twitter_card":"summary_large_image","twitter_misc":{"Est. reading time":"6 minutes"},"schema":{"@context":"https:\/\/schema.org","@graph":[{"@type":"WebPage","@id":"https:\/\/startfinance-now.com\/de\/datenschutzerklaerung\/","url":"https:\/\/startfinance-now.com\/de\/datenschutzerklaerung\/","name":"Datenschutzerkl\u00e4rung - Start Finance Now","isPartOf":{"@id":"https:\/\/startfinance-now.com\/#website"},"datePublished":"2020-11-30T16:09:56+00:00","dateModified":"2023-05-24T10:01:00+00:00","breadcrumb":{"@id":"https:\/\/startfinance-now.com\/de\/datenschutzerklaerung\/#breadcrumb"},"inLanguage":"de-DE","potentialAction":[{"@type":"ReadAction","target":["https:\/\/startfinance-now.com\/de\/datenschutzerklaerung\/"]}]},{"@type":"BreadcrumbList","@id":"https:\/\/startfinance-now.com\/de\/datenschutzerklaerung\/#breadcrumb","itemListElement":[{"@type":"ListItem","position":1,"name":"Home","item":"https:\/\/startfinance-now.com\/de\/"},{"@type":"ListItem","position":2,"name":"Datenschutzerkl\u00e4rung"}]},{"@type":"WebSite","@id":"https:\/\/startfinance-now.com\/#website","url":"https:\/\/startfinance-now.com\/","name":"Start Finance Now","description":"Financial coaching for start-ups and SMEs","potentialAction":[{"@type":"SearchAction","target":{"@type":"EntryPoint","urlTemplate":"https:\/\/startfinance-now.com\/?s={search_term_string}"},"query-input":{"@type":"PropertyValueSpecification","valueRequired":true,"valueName":"search_term_string"}}],"inLanguage":"de-DE"}]}},"_links":{"self":[{"href":"https:\/\/startfinance-now.com\/de\/wp-json\/wp\/v2\/pages\/789","targetHints":{"allow":["GET"]}}],"collection":[{"href":"https:\/\/startfinance-now.com\/de\/wp-json\/wp\/v2\/pages"}],"about":[{"href":"https:\/\/startfinance-now.com\/de\/wp-json\/wp\/v2\/types\/page"}],"author":[{"embeddable":true,"href":"https:\/\/startfinance-now.com\/de\/wp-json\/wp\/v2\/users\/1"}],"replies":[{"embeddable":true,"href":"https:\/\/startfinance-now.com\/de\/wp-json\/wp\/v2\/comments?post=789"}],"version-history":[{"count":3,"href":"https:\/\/startfinance-now.com\/de\/wp-json\/wp\/v2\/pages\/789\/revisions"}],"predecessor-version":[{"id":841,"href":"https:\/\/startfinance-now.com\/de\/wp-json\/wp\/v2\/pages\/789\/revisions\/841"}],"wp:attachment":[{"href":"https:\/\/startfinance-now.com\/de\/wp-json\/wp\/v2\/media?parent=789"}],"curies":[{"name":"wp","href":"https:\/\/api.w.org\/{rel}","templated":true}]}}